{"id":1723,"date":"2024-09-25T12:35:01","date_gmt":"2024-09-25T16:35:01","guid":{"rendered":"https:\/\/aliceochoux.com\/?page_id=1723"},"modified":"2025-02-01T12:39:42","modified_gmt":"2025-02-01T17:39:42","slug":"nos-choux-a-la-creme","status":"publish","type":"page","link":"https:\/\/aliceochoux.com\/en\/nos-choux-a-la-creme\/","title":{"rendered":"Our cream puffs"},"content":{"rendered":"<div data-elementor-type=\"wp-page\" data-elementor-id=\"1723\" class=\"elementor elementor-1723\" data-elementor-post-type=\"page\">\n\t\t\t\t\t\t<section class=\"elementor-section elementor-top-section elementor-element elementor-element-f312221 elementor-section-boxed elementor-section-height-default elementor-section-height-default\" data-id=\"f312221\" data-element_type=\"section\" data-settings=\"{&quot;background_background&quot;:&quot;classic&quot;}\">\n\t\t\t\t\t\t\t<div class=\"elementor-background-overlay\"><\/div>\n\t\t\t\t\t\t\t<div class=\"elementor-container elementor-column-gap-default\">\n\t\t\t\t\t<div class=\"elementor-column elementor-col-100 elementor-top-column elementor-element elementor-element-ae21fbf\" data-id=\"ae21fbf\" data-element_type=\"column\">\n\t\t\t<div class=\"elementor-widget-wrap elementor-element-populated\">\n\t\t\t\t\t\t<div class=\"elementor-element elementor-element-4ceee54 elementor-widget elementor-widget-heading\" data-id=\"4ceee54\" data-element_type=\"widget\" data-widget_type=\"heading.default\">\n\t\t\t\t<div class=\"elementor-widget-container\">\n\t\t\t\t\t<h2 class=\"elementor-heading-title elementor-size-default\">Our cream puffs<\/h2>\t\t\t\t<\/div>\n\t\t\t\t<\/div>\n\t\t\t\t\t<\/div>\n\t\t<\/div>\n\t\t\t\t\t<\/div>\n\t\t<\/section>\n\t\t\t\t<section class=\"elementor-section elementor-top-section elementor-element elementor-element-a94e9e5 elementor-section-boxed elementor-section-height-default elementor-section-height-default\" data-id=\"a94e9e5\" data-element_type=\"section\">\n\t\t\t\t\t\t<div class=\"elementor-container elementor-column-gap-default\">\n\t\t\t\t\t<div class=\"elementor-column elementor-col-100 elementor-top-column elementor-element elementor-element-6f9def6\" data-id=\"6f9def6\" data-element_type=\"column\">\n\t\t\t<div class=\"elementor-widget-wrap elementor-element-populated\">\n\t\t\t\t\t\t<div class=\"elementor-element elementor-element-4a946cf elementor-widget elementor-widget-text-editor\" data-id=\"4a946cf\" data-element_type=\"widget\" data-widget_type=\"text-editor.default\">\n\t\t\t\t<div class=\"elementor-widget-container\">\n\t\t\t\t\t\t\t\t\t<p>Tous nos choux sont sans conservateurs, sans additifs &amp; 100% v\u00e9g\u00e9tariens.<\/p>\t\t\t\t\t\t\t\t<\/div>\n\t\t\t\t<\/div>\n\t\t\t\t\t<\/div>\n\t\t<\/div>\n\t\t\t\t\t<\/div>\n\t\t<\/section>\n\t\t\t\t<section class=\"elementor-section elementor-top-section elementor-element elementor-element-37eebc1 elementor-section-boxed elementor-section-height-default elementor-section-height-default\" data-id=\"37eebc1\" data-element_type=\"section\">\n\t\t\t\t\t\t<div class=\"elementor-container elementor-column-gap-default\">\n\t\t\t\t\t<div class=\"elementor-column elementor-col-50 elementor-top-column elementor-element elementor-element-883523a\" data-id=\"883523a\" data-element_type=\"column\">\n\t\t\t<div class=\"elementor-widget-wrap elementor-element-populated\">\n\t\t\t\t\t\t<div class=\"elementor-element elementor-element-ad710c1 elementor-widget elementor-widget-image\" data-id=\"ad710c1\" data-element_type=\"widget\" data-widget_type=\"image.default\">\n\t\t\t\t<div class=\"elementor-widget-container\">\n\t\t\t\t\t\t\t\t\t\t\t\t\t\t\t<img fetchpriority=\"high\" decoding=\"async\" width=\"300\" height=\"300\" src=\"https:\/\/aliceochoux.com\/wp-content\/uploads\/2024\/09\/ACH_4525-e1727282245118-300x300.jpg\" class=\"attachment-woocommerce_gallery_thumbnail size-woocommerce_gallery_thumbnail wp-image-1725\" alt=\"Alice\u00d4choux I I Desserts P\u00e2tisserie choux \u00e0 la cr\u00e8me\" srcset=\"https:\/\/aliceochoux.com\/wp-content\/uploads\/2024\/09\/ACH_4525-e1727282245118-300x300.jpg 300w, https:\/\/aliceochoux.com\/wp-content\/uploads\/2024\/09\/ACH_4525-e1727282245118-800x800.jpg 800w, https:\/\/aliceochoux.com\/wp-content\/uploads\/2024\/09\/ACH_4525-e1727282245118-150x150.jpg 150w, https:\/\/aliceochoux.com\/wp-content\/uploads\/2024\/09\/ACH_4525-e1727282245118-12x12.jpg 12w\" sizes=\"(max-width:767px) 300px, 300px\" title=\"I Alice\u00d4choux I Choux \u00e0 la cr\u00e8me\">\t\t\t\t\t\t\t\t\t\t\t\t\t\t\t<\/div>\n\t\t\t\t<\/div>\n\t\t\t\t<div class=\"elementor-element elementor-element-aaf2d43 elementor-align-center elementor-widget elementor-widget-button\" data-id=\"aaf2d43\" data-element_type=\"widget\" data-settings=\"{&quot;_animation&quot;:&quot;none&quot;}\" data-widget_type=\"button.default\">\n\t\t\t\t<div class=\"elementor-widget-container\">\n\t\t\t\t\t\t\t\t\t<div class=\"elementor-button-wrapper\">\n\t\t\t\t\t<a class=\"elementor-button elementor-button-link elementor-size-sm\" href=\"https:\/\/aliceochoux.com\/choukchouks-chou-a-la-creme\/\">\n\t\t\t\t\t\t<span class=\"elementor-button-content-wrapper\">\n\t\t\t\t\t\t\t\t\t<span class=\"elementor-button-text\">Box of Choukchouks<\/span>\n\t\t\t\t\t<\/span>\n\t\t\t\t\t<\/a>\n\t\t\t\t<\/div>\n\t\t\t\t\t\t\t\t<\/div>\n\t\t\t\t<\/div>\n\t\t\t\t<div class=\"elementor-element elementor-element-7629830 elementor-widget elementor-widget-text-editor\" data-id=\"7629830\" data-element_type=\"widget\" data-widget_type=\"text-editor.default\">\n\t\t\t\t<div class=\"elementor-widget-container\">\n\t\t\t\t\t\t\t\t\t<p>Cream-filled choux pastries<\/p>\t\t\t\t\t\t\t\t<\/div>\n\t\t\t\t<\/div>\n\t\t\t\t\t<\/div>\n\t\t<\/div>\n\t\t\t\t<div class=\"elementor-column elementor-col-50 elementor-top-column elementor-element elementor-element-1da8adc\" data-id=\"1da8adc\" data-element_type=\"column\">\n\t\t\t<div class=\"elementor-widget-wrap elementor-element-populated\">\n\t\t\t\t\t\t<div class=\"elementor-element elementor-element-7b712e9 elementor-widget elementor-widget-image\" data-id=\"7b712e9\" data-element_type=\"widget\" data-widget_type=\"image.default\">\n\t\t\t\t<div class=\"elementor-widget-container\">\n\t\t\t\t\t\t\t\t\t\t\t\t\t\t\t<img decoding=\"async\" width=\"300\" height=\"300\" src=\"https:\/\/aliceochoux.com\/wp-content\/uploads\/2022\/06\/ACH_4413-e1727282173206-300x300.jpg\" class=\"attachment-woocommerce_gallery_thumbnail size-woocommerce_gallery_thumbnail wp-image-656\" alt=\"Alice\u00d4choux I I Desserts P\u00e2tisserie choux \u00e0 la cr\u00e8me\" srcset=\"https:\/\/aliceochoux.com\/wp-content\/uploads\/2022\/06\/ACH_4413-e1727282173206-300x300.jpg 300w, https:\/\/aliceochoux.com\/wp-content\/uploads\/2022\/06\/ACH_4413-e1727282173206-800x800.jpg 800w, https:\/\/aliceochoux.com\/wp-content\/uploads\/2022\/06\/ACH_4413-e1727282173206-150x150.jpg 150w, https:\/\/aliceochoux.com\/wp-content\/uploads\/2022\/06\/ACH_4413-e1727282173206-12x12.jpg 12w\" sizes=\"(max-width:767px) 300px, 300px\" title=\"I Alice\u00d4choux I Choux \u00e0 la cr\u00e8me\">\t\t\t\t\t\t\t\t\t\t\t\t\t\t\t<\/div>\n\t\t\t\t<\/div>\n\t\t\t\t<div class=\"elementor-element elementor-element-a61e634 elementor-align-center elementor-widget elementor-widget-button\" data-id=\"a61e634\" data-element_type=\"widget\" data-widget_type=\"button.default\">\n\t\t\t\t<div class=\"elementor-widget-container\">\n\t\t\t\t\t\t\t\t\t<div class=\"elementor-button-wrapper\">\n\t\t\t\t\t<a class=\"elementor-button elementor-button-link elementor-size-sm\" href=\"https:\/\/aliceochoux.com\/chouxoluxe-choux-a-la-creme-patissiere\/\">\n\t\t\t\t\t\t<span class=\"elementor-button-content-wrapper\">\n\t\t\t\t\t\t\t\t\t<span class=\"elementor-button-text\">Box of Choux\u00d4Luxe<\/span>\n\t\t\t\t\t<\/span>\n\t\t\t\t\t<\/a>\n\t\t\t\t<\/div>\n\t\t\t\t\t\t\t\t<\/div>\n\t\t\t\t<\/div>\n\t\t\t\t<div class=\"elementor-element elementor-element-cdf6666 elementor-widget elementor-widget-text-editor\" data-id=\"cdf6666\" data-element_type=\"widget\" data-widget_type=\"text-editor.default\">\n\t\t\t\t<div class=\"elementor-widget-container\">\n\t\t\t\t\t\t\t\t\t<p>(Redesigned large choux pastries)<\/p>\t\t\t\t\t\t\t\t<\/div>\n\t\t\t\t<\/div>\n\t\t\t\t\t<\/div>\n\t\t<\/div>\n\t\t\t\t\t<\/div>\n\t\t<\/section>\n\t\t\t\t<section class=\"elementor-section elementor-top-section elementor-element elementor-element-5a8ecbc elementor-section-boxed elementor-section-height-default elementor-section-height-default\" data-id=\"5a8ecbc\" data-element_type=\"section\">\n\t\t\t\t\t\t<div class=\"elementor-container elementor-column-gap-default\">\n\t\t\t\t\t<div class=\"elementor-column elementor-col-100 elementor-top-column elementor-element elementor-element-9bed6b7\" data-id=\"9bed6b7\" data-element_type=\"column\">\n\t\t\t<div class=\"elementor-widget-wrap elementor-element-populated\">\n\t\t\t\t\t\t<div class=\"elementor-element elementor-element-95b9c62 elementor-widget elementor-widget-image\" data-id=\"95b9c62\" data-element_type=\"widget\" data-widget_type=\"image.default\">\n\t\t\t\t<div class=\"elementor-widget-container\">\n\t\t\t\t\t\t\t\t\t\t\t\t\t\t\t<img decoding=\"async\" width=\"300\" height=\"300\" src=\"https:\/\/aliceochoux.com\/wp-content\/uploads\/2024\/10\/IMG_5155-300x300.jpg\" class=\"attachment-woocommerce_gallery_thumbnail size-woocommerce_gallery_thumbnail wp-image-2805\" alt=\"Alice\u00d4choux I I Desserts P\u00e2tisserie choux \u00e0 la cr\u00e8me\" srcset=\"https:\/\/aliceochoux.com\/wp-content\/uploads\/2024\/10\/IMG_5155-300x300.jpg 300w, https:\/\/aliceochoux.com\/wp-content\/uploads\/2024\/10\/IMG_5155-800x800.jpg 800w, https:\/\/aliceochoux.com\/wp-content\/uploads\/2024\/10\/IMG_5155-150x150.jpg 150w, https:\/\/aliceochoux.com\/wp-content\/uploads\/2024\/10\/IMG_5155-11x12.jpg 11w\" sizes=\"(max-width:767px) 300px, 300px\" title=\"I Alice\u00d4choux I Choux \u00e0 la cr\u00e8me\">\t\t\t\t\t\t\t\t\t\t\t\t\t\t\t<\/div>\n\t\t\t\t<\/div>\n\t\t\t\t<div class=\"elementor-element elementor-element-17a684d elementor-align-center elementor-widget elementor-widget-button\" data-id=\"17a684d\" data-element_type=\"widget\" data-settings=\"{&quot;_animation&quot;:&quot;none&quot;}\" data-widget_type=\"button.default\">\n\t\t\t\t<div class=\"elementor-widget-container\">\n\t\t\t\t\t\t\t\t\t<div class=\"elementor-button-wrapper\">\n\t\t\t\t\t<a class=\"elementor-button elementor-button-link elementor-size-sm\" href=\"https:\/\/aliceochoux.com\/mini-chouxoluxe\/\">\n\t\t\t\t\t\t<span class=\"elementor-button-content-wrapper\">\n\t\t\t\t\t\t\t\t\t<span class=\"elementor-button-text\">Bo\u00eete de mini Choux\u00d4Luxe<\/span>\n\t\t\t\t\t<\/span>\n\t\t\t\t\t<\/a>\n\t\t\t\t<\/div>\n\t\t\t\t\t\t\t\t<\/div>\n\t\t\t\t<\/div>\n\t\t\t\t\t<\/div>\n\t\t<\/div>\n\t\t\t\t\t<\/div>\n\t\t<\/section>\n\t\t\t\t<\/div>","protected":false},"excerpt":{"rendered":"<p>Nos choux \u00e0 la cr\u00e8me Tous nos choux sont sans conservateurs, sans additifs &amp; 100% v\u00e9g\u00e9tariens. Bo\u00eete de Choukchouks (Choukettes garnies de cr\u00e8me) Bo\u00eete de Choux\u00d4Luxe<span class=\"excerpt-hellip\"> [\u2026]<\/span><\/p>","protected":false},"author":32,"featured_media":0,"parent":0,"menu_order":0,"comment_status":"closed","ping_status":"closed","template":"","meta":{"footnotes":""},"class_list":["post-1723","page","type-page","status-publish","hentry"],"_hostinger_reach_plugin_has_subscription_block":false,"_hostinger_reach_plugin_is_elementor":false,"_links":{"self":[{"href":"https:\/\/aliceochoux.com\/en\/wp-json\/wp\/v2\/pages\/1723","targetHints":{"allow":["GET"]}}],"collection":[{"href":"https:\/\/aliceochoux.com\/en\/wp-json\/wp\/v2\/pages"}],"about":[{"href":"https:\/\/aliceochoux.com\/en\/wp-json\/wp\/v2\/types\/page"}],"author":[{"embeddable":true,"href":"https:\/\/aliceochoux.com\/en\/wp-json\/wp\/v2\/users\/32"}],"replies":[{"embeddable":true,"href":"https:\/\/aliceochoux.com\/en\/wp-json\/wp\/v2\/comments?post=1723"}],"version-history":[{"count":38,"href":"https:\/\/aliceochoux.com\/en\/wp-json\/wp\/v2\/pages\/1723\/revisions"}],"predecessor-version":[{"id":3688,"href":"https:\/\/aliceochoux.com\/en\/wp-json\/wp\/v2\/pages\/1723\/revisions\/3688"}],"wp:attachment":[{"href":"https:\/\/aliceochoux.com\/en\/wp-json\/wp\/v2\/media?parent=1723"}],"curies":[{"name":"wp","href":"https:\/\/api.w.org\/{rel}","templated":true}]}}