{"id":1825,"date":"2024-09-25T14:25:07","date_gmt":"2024-09-25T18:25:07","guid":{"rendered":"https:\/\/aliceochoux.com\/?page_id=1825"},"modified":"2025-11-09T14:07:06","modified_gmt":"2025-11-09T19:07:06","slug":"nos-gateaux-festifs","status":"publish","type":"page","link":"https:\/\/aliceochoux.com\/en\/nos-gateaux-festifs\/","title":{"rendered":"Our festive cakes"},"content":{"rendered":"<div data-elementor-type=\"wp-page\" data-elementor-id=\"1825\" class=\"elementor elementor-1825\" data-elementor-post-type=\"page\">\n\t\t\t\t\t\t<section class=\"elementor-section elementor-top-section elementor-element elementor-element-4694107 elementor-section-boxed elementor-section-height-default elementor-section-height-default\" data-id=\"4694107\" data-element_type=\"section\" data-settings=\"{&quot;background_background&quot;:&quot;classic&quot;}\">\n\t\t\t\t\t\t\t<div class=\"elementor-background-overlay\"><\/div>\n\t\t\t\t\t\t\t<div class=\"elementor-container elementor-column-gap-default\">\n\t\t\t\t\t<div class=\"elementor-column elementor-col-100 elementor-top-column elementor-element elementor-element-f863480\" data-id=\"f863480\" data-element_type=\"column\">\n\t\t\t<div class=\"elementor-widget-wrap elementor-element-populated\">\n\t\t\t\t\t\t<div class=\"elementor-element elementor-element-c03916e elementor-widget elementor-widget-heading\" data-id=\"c03916e\" data-element_type=\"widget\" data-widget_type=\"heading.default\">\n\t\t\t\t<div class=\"elementor-widget-container\">\n\t\t\t\t\t<h2 class=\"elementor-heading-title elementor-size-default\">Our festive cakes<\/h2>\t\t\t\t<\/div>\n\t\t\t\t<\/div>\n\t\t\t\t\t<\/div>\n\t\t<\/div>\n\t\t\t\t\t<\/div>\n\t\t<\/section>\n\t\t\t\t<section class=\"elementor-section elementor-top-section elementor-element elementor-element-7536034 elementor-section-boxed elementor-section-height-default elementor-section-height-default\" data-id=\"7536034\" data-element_type=\"section\">\n\t\t\t\t\t\t<div class=\"elementor-container elementor-column-gap-default\">\n\t\t\t\t\t<div class=\"elementor-column elementor-col-100 elementor-top-column elementor-element elementor-element-4666af9\" data-id=\"4666af9\" data-element_type=\"column\">\n\t\t\t<div class=\"elementor-widget-wrap elementor-element-populated\">\n\t\t\t\t\t\t<div class=\"elementor-element elementor-element-676656e elementor-widget elementor-widget-spacer\" data-id=\"676656e\" data-element_type=\"widget\" data-widget_type=\"spacer.default\">\n\t\t\t\t<div class=\"elementor-widget-container\">\n\t\t\t\t\t\t\t<div class=\"elementor-spacer\">\n\t\t\t<div class=\"elementor-spacer-inner\"><\/div>\n\t\t<\/div>\n\t\t\t\t\t\t<\/div>\n\t\t\t\t<\/div>\n\t\t\t\t\t<\/div>\n\t\t<\/div>\n\t\t\t\t\t<\/div>\n\t\t<\/section>\n\t\t<div class=\"elementor-element elementor-element-a7d44be e-flex e-con-boxed e-con e-parent\" data-id=\"a7d44be\" data-element_type=\"container\">\n\t\t\t\t\t<div class=\"e-con-inner\">\n\t\t\t\t<div class=\"elementor-element elementor-element-1104e54 elementor-widget elementor-widget-heading\" data-id=\"1104e54\" data-element_type=\"widget\" data-widget_type=\"heading.default\">\n\t\t\t\t<div class=\"elementor-widget-container\">\n\t\t\t\t\t<h2 class=\"elementor-heading-title elementor-size-default\">Des g\u00e2teaux festifs sur-mesure pour des moments magiques !<\/h2>\t\t\t\t<\/div>\n\t\t\t\t<\/div>\n\t\t\t\t\t<\/div>\n\t\t\t\t<\/div>\n\t\t<div class=\"elementor-element elementor-element-8f27b59 e-flex e-con-boxed e-con e-parent\" data-id=\"8f27b59\" data-element_type=\"container\">\n\t\t\t\t\t<div class=\"e-con-inner\">\n\t\t\t\t<div class=\"elementor-element elementor-element-954f24a elementor-widget elementor-widget-text-editor\" data-id=\"954f24a\" data-element_type=\"widget\" data-widget_type=\"text-editor.default\">\n\t\t\t\t<div class=\"elementor-widget-container\">\n\t\t\t\t\t\t\t\t\t<p>Chez Alice\u00d4Choux, nos g\u00e2teaux festifs sont enti\u00e8rement <strong>personnalis\u00e9s<\/strong> pour rendre vos f\u00eates et \u00e9v\u00e9nements uniques et m\u00e9morables. Que vous choisissiez une couronne de choux, un number cake ou une pyramide majestueuse, chaque cr\u00e9ation est faite avec soin pour combler vos envies et \u00e9merveiller vos invit\u00e9s !<\/p><p>D\u00e9couvrez nos diff\u00e9rentes options festives et commandez vos couronnes de choux (<strong>48h<\/strong> d\u2019avance), number choux (<strong>72h<\/strong>) ou pyramides de choux (<strong>72h<\/strong>, ou 1<strong>0 jours avec support en polystyr\u00e8ne<\/strong>) pour des moments magiques !<\/p><p>Nous avons h\u00e2te de cr\u00e9er avec vous le dessert parfait pour vos c\u00e9l\u00e9brations !<\/p>\t\t\t\t\t\t\t\t<\/div>\n\t\t\t\t<\/div>\n\t\t\t\t\t<\/div>\n\t\t\t\t<\/div>\n\t\t<div class=\"elementor-element elementor-element-36a8a0e e-flex e-con-boxed e-con e-parent\" data-id=\"36a8a0e\" data-element_type=\"container\">\n\t\t\t\t\t<div class=\"e-con-inner\">\n\t\t\t\t<div class=\"elementor-element elementor-element-8274b65 elementor-widget elementor-widget-spacer\" data-id=\"8274b65\" data-element_type=\"widget\" data-widget_type=\"spacer.default\">\n\t\t\t\t<div class=\"elementor-widget-container\">\n\t\t\t\t\t\t\t<div class=\"elementor-spacer\">\n\t\t\t<div class=\"elementor-spacer-inner\"><\/div>\n\t\t<\/div>\n\t\t\t\t\t\t<\/div>\n\t\t\t\t<\/div>\n\t\t\t\t\t<\/div>\n\t\t\t\t<\/div>\n\t\t\t\t<section class=\"elementor-section elementor-top-section elementor-element elementor-element-a5d1449 elementor-section-boxed elementor-section-height-default elementor-section-height-default\" data-id=\"a5d1449\" data-element_type=\"section\">\n\t\t\t\t\t\t<div class=\"elementor-container elementor-column-gap-default\">\n\t\t\t\t\t<div class=\"elementor-column elementor-col-33 elementor-top-column elementor-element elementor-element-9b02a4c\" data-id=\"9b02a4c\" data-element_type=\"column\">\n\t\t\t<div class=\"elementor-widget-wrap elementor-element-populated\">\n\t\t\t\t\t\t<div class=\"elementor-element elementor-element-eb20bdc elementor-widget elementor-widget-image\" data-id=\"eb20bdc\" data-element_type=\"widget\" data-widget_type=\"image.default\">\n\t\t\t\t<div class=\"elementor-widget-container\">\n\t\t\t\t\t\t\t\t\t\t\t\t\t\t\t<img fetchpriority=\"high\" decoding=\"async\" width=\"300\" height=\"300\" src=\"https:\/\/aliceochoux.com\/wp-content\/uploads\/2024\/09\/53BA7131-1B47-492D-98A4-0A1E7692C8A3-1-scaled-e1728163922822-300x300.jpg\" class=\"attachment-woocommerce_gallery_thumbnail size-woocommerce_gallery_thumbnail wp-image-1695\" alt=\"Alice\u00d4choux I I Desserts P\u00e2tisserie choux \u00e0 la cr\u00e8me\" srcset=\"https:\/\/aliceochoux.com\/wp-content\/uploads\/2024\/09\/53BA7131-1B47-492D-98A4-0A1E7692C8A3-1-scaled-e1728163922822-300x300.jpg 300w, https:\/\/aliceochoux.com\/wp-content\/uploads\/2024\/09\/53BA7131-1B47-492D-98A4-0A1E7692C8A3-1-scaled-e1728163922822-800x800.jpg 800w, https:\/\/aliceochoux.com\/wp-content\/uploads\/2024\/09\/53BA7131-1B47-492D-98A4-0A1E7692C8A3-1-scaled-e1728163922822-150x150.jpg 150w, https:\/\/aliceochoux.com\/wp-content\/uploads\/2024\/09\/53BA7131-1B47-492D-98A4-0A1E7692C8A3-1-scaled-e1728163922822-13x12.jpg 13w\" sizes=\"(max-width:767px) 300px, 300px\" title=\"I Alice\u00d4choux I Choux \u00e0 la cr\u00e8me\">\t\t\t\t\t\t\t\t\t\t\t\t\t\t\t<\/div>\n\t\t\t\t<\/div>\n\t\t\t\t<div class=\"elementor-element elementor-element-a7a4d30 elementor-align-center elementor-widget elementor-widget-button\" data-id=\"a7a4d30\" data-element_type=\"widget\" data-widget_type=\"button.default\">\n\t\t\t\t<div class=\"elementor-widget-container\">\n\t\t\t\t\t\t\t\t\t<div class=\"elementor-button-wrapper\">\n\t\t\t\t\t<a class=\"elementor-button elementor-button-link elementor-size-sm\" href=\"https:\/\/aliceochoux.com\/products\/choux-a-la-creme\/couronnes-de-choux\/\">\n\t\t\t\t\t\t<span class=\"elementor-button-content-wrapper\">\n\t\t\t\t\t\t\t\t\t<span class=\"elementor-button-text\">Choux crowns<\/span>\n\t\t\t\t\t<\/span>\n\t\t\t\t\t<\/a>\n\t\t\t\t<\/div>\n\t\t\t\t\t\t\t\t<\/div>\n\t\t\t\t<\/div>\n\t\t\t\t\t<\/div>\n\t\t<\/div>\n\t\t\t\t<div class=\"elementor-column elementor-col-33 elementor-top-column elementor-element elementor-element-4dbaaa2\" data-id=\"4dbaaa2\" data-element_type=\"column\">\n\t\t\t<div class=\"elementor-widget-wrap elementor-element-populated\">\n\t\t\t\t\t\t<div class=\"elementor-element elementor-element-7d949b8 elementor-widget elementor-widget-image\" data-id=\"7d949b8\" data-element_type=\"widget\" data-widget_type=\"image.default\">\n\t\t\t\t<div class=\"elementor-widget-container\">\n\t\t\t\t\t\t\t\t\t\t\t\t\t\t\t<img decoding=\"async\" width=\"300\" height=\"300\" src=\"https:\/\/aliceochoux.com\/wp-content\/uploads\/2025\/11\/1000014393-300x300.jpg\" class=\"attachment-woocommerce_gallery_thumbnail size-woocommerce_gallery_thumbnail wp-image-4387\" alt=\"Gateau pyramide de choux\" srcset=\"https:\/\/aliceochoux.com\/wp-content\/uploads\/2025\/11\/1000014393-300x300.jpg 300w, https:\/\/aliceochoux.com\/wp-content\/uploads\/2025\/11\/1000014393-150x150.jpg 150w, https:\/\/aliceochoux.com\/wp-content\/uploads\/2025\/11\/1000014393-800x800.jpg 800w\" sizes=\"(max-width:767px) 300px, 300px\" title=\"I Alice\u00d4choux I Choux \u00e0 la cr\u00e8me\">\t\t\t\t\t\t\t\t\t\t\t\t\t\t\t<\/div>\n\t\t\t\t<\/div>\n\t\t\t\t<div class=\"elementor-element elementor-element-0e10229 elementor-align-center elementor-widget elementor-widget-button\" data-id=\"0e10229\" data-element_type=\"widget\" data-widget_type=\"button.default\">\n\t\t\t\t<div class=\"elementor-widget-container\">\n\t\t\t\t\t\t\t\t\t<div class=\"elementor-button-wrapper\">\n\t\t\t\t\t<a class=\"elementor-button elementor-button-link elementor-size-sm\" href=\"https:\/\/aliceochoux.com\/choukettes-chou\/\">\n\t\t\t\t\t\t<span class=\"elementor-button-content-wrapper\">\n\t\t\t\t\t\t\t\t\t<span class=\"elementor-button-text\">Choux pyramids<\/span>\n\t\t\t\t\t<\/span>\n\t\t\t\t\t<\/a>\n\t\t\t\t<\/div>\n\t\t\t\t\t\t\t\t<\/div>\n\t\t\t\t<\/div>\n\t\t\t\t\t<\/div>\n\t\t<\/div>\n\t\t\t\t<div class=\"elementor-column elementor-col-33 elementor-top-column elementor-element elementor-element-cf2679a\" data-id=\"cf2679a\" data-element_type=\"column\">\n\t\t\t<div class=\"elementor-widget-wrap elementor-element-populated\">\n\t\t\t\t\t\t<div class=\"elementor-element elementor-element-50a50bb elementor-widget elementor-widget-image\" data-id=\"50a50bb\" data-element_type=\"widget\" data-widget_type=\"image.default\">\n\t\t\t\t<div class=\"elementor-widget-container\">\n\t\t\t\t\t\t\t\t\t\t\t\t\t\t\t<img decoding=\"async\" width=\"300\" height=\"300\" src=\"https:\/\/aliceochoux.com\/wp-content\/uploads\/2024\/10\/Capture-decran-2024-10-22-a-10.36.42-e1729607857780-300x300.png\" class=\"attachment-woocommerce_gallery_thumbnail size-woocommerce_gallery_thumbnail wp-image-2606\" alt=\"Alice\u00d4choux I I Desserts P\u00e2tisserie choux \u00e0 la cr\u00e8me\" srcset=\"https:\/\/aliceochoux.com\/wp-content\/uploads\/2024\/10\/Capture-decran-2024-10-22-a-10.36.42-e1729607857780-300x300.png 300w, https:\/\/aliceochoux.com\/wp-content\/uploads\/2024\/10\/Capture-decran-2024-10-22-a-10.36.42-e1729607857780-800x800.png 800w, https:\/\/aliceochoux.com\/wp-content\/uploads\/2024\/10\/Capture-decran-2024-10-22-a-10.36.42-e1729607857780-150x150.png 150w, https:\/\/aliceochoux.com\/wp-content\/uploads\/2024\/10\/Capture-decran-2024-10-22-a-10.36.42-e1729607857780-11x12.png 11w\" sizes=\"(max-width:767px) 300px, 300px\" title=\"I Alice\u00d4choux I Choux \u00e0 la cr\u00e8me\">\t\t\t\t\t\t\t\t\t\t\t\t\t\t\t<\/div>\n\t\t\t\t<\/div>\n\t\t\t\t<div class=\"elementor-element elementor-element-5f1ba34 elementor-align-center elementor-widget elementor-widget-button\" data-id=\"5f1ba34\" data-element_type=\"widget\" data-widget_type=\"button.default\">\n\t\t\t\t<div class=\"elementor-widget-container\">\n\t\t\t\t\t\t\t\t\t<div class=\"elementor-button-wrapper\">\n\t\t\t\t\t<a class=\"elementor-button elementor-button-link elementor-size-sm\" href=\"https:\/\/aliceochoux.com\/number-cake\/\">\n\t\t\t\t\t\t<span class=\"elementor-button-content-wrapper\">\n\t\t\t\t\t\t\t\t\t<span class=\"elementor-button-text\">Number Cakes<\/span>\n\t\t\t\t\t<\/span>\n\t\t\t\t\t<\/a>\n\t\t\t\t<\/div>\n\t\t\t\t\t\t\t\t<\/div>\n\t\t\t\t<\/div>\n\t\t\t\t\t<\/div>\n\t\t<\/div>\n\t\t\t\t\t<\/div>\n\t\t<\/section>\n\t\t<div class=\"elementor-element elementor-element-0686467 e-flex e-con-boxed e-con e-parent\" data-id=\"0686467\" data-element_type=\"container\">\n\t\t\t\t\t<div class=\"e-con-inner\">\n\t\t\t\t<div class=\"elementor-element elementor-element-cdbdcf0 elementor-widget elementor-widget-text-editor\" data-id=\"cdbdcf0\" data-element_type=\"widget\" data-widget_type=\"text-editor.default\">\n\t\t\t\t<div class=\"elementor-widget-container\">\n\t\t\t\t\t\t\t\t\t<p>Tous nos choux sont sans conservateurs, sans additifs &amp; 100% v\u00e9g\u00e9tariens.<\/p>\t\t\t\t\t\t\t\t<\/div>\n\t\t\t\t<\/div>\n\t\t\t\t\t<\/div>\n\t\t\t\t<\/div>\n\t\t\t\t<\/div>","protected":false},"excerpt":{"rendered":"<p>Nos g\u00e2teaux festifs Des g\u00e2teaux festifs sur-mesure pour des moments magiques ! Chez Alice\u00d4Choux, nos g\u00e2teaux festifs sont enti\u00e8rement personnalis\u00e9s pour rendre vos f\u00eates et \u00e9v\u00e9nements<span class=\"excerpt-hellip\"> [\u2026]<\/span><\/p>","protected":false},"author":32,"featured_media":0,"parent":0,"menu_order":0,"comment_status":"closed","ping_status":"closed","template":"","meta":{"footnotes":""},"class_list":["post-1825","page","type-page","status-publish","hentry"],"_hostinger_reach_plugin_has_subscription_block":false,"_hostinger_reach_plugin_is_elementor":false,"_links":{"self":[{"href":"https:\/\/aliceochoux.com\/en\/wp-json\/wp\/v2\/pages\/1825","targetHints":{"allow":["GET"]}}],"collection":[{"href":"https:\/\/aliceochoux.com\/en\/wp-json\/wp\/v2\/pages"}],"about":[{"href":"https:\/\/aliceochoux.com\/en\/wp-json\/wp\/v2\/types\/page"}],"author":[{"embeddable":true,"href":"https:\/\/aliceochoux.com\/en\/wp-json\/wp\/v2\/users\/32"}],"replies":[{"embeddable":true,"href":"https:\/\/aliceochoux.com\/en\/wp-json\/wp\/v2\/comments?post=1825"}],"version-history":[{"count":47,"href":"https:\/\/aliceochoux.com\/en\/wp-json\/wp\/v2\/pages\/1825\/revisions"}],"predecessor-version":[{"id":4398,"href":"https:\/\/aliceochoux.com\/en\/wp-json\/wp\/v2\/pages\/1825\/revisions\/4398"}],"wp:attachment":[{"href":"https:\/\/aliceochoux.com\/en\/wp-json\/wp\/v2\/media?parent=1825"}],"curies":[{"name":"wp","href":"https:\/\/api.w.org\/{rel}","templated":true}]}}