{"id":2300,"date":"2024-10-09T08:26:04","date_gmt":"2024-10-09T12:26:04","guid":{"rendered":"https:\/\/aliceochoux.com\/?page_id=2300"},"modified":"2025-10-01T23:00:28","modified_gmt":"2025-10-02T03:00:28","slug":"evenements","status":"publish","type":"page","link":"https:\/\/aliceochoux.com\/en\/evenements\/","title":{"rendered":"Events"},"content":{"rendered":"<div data-elementor-type=\"wp-page\" data-elementor-id=\"2300\" class=\"elementor elementor-2300\" data-elementor-post-type=\"page\">\n\t\t\t\t\t\t<section class=\"elementor-section elementor-top-section elementor-element elementor-element-dbd341f elementor-section-boxed elementor-section-height-default elementor-section-height-default\" data-id=\"dbd341f\" data-element_type=\"section\" data-settings=\"{&quot;background_background&quot;:&quot;classic&quot;}\">\n\t\t\t\t\t\t\t<div class=\"elementor-background-overlay\"><\/div>\n\t\t\t\t\t\t\t<div class=\"elementor-container elementor-column-gap-default\">\n\t\t\t\t\t<div class=\"elementor-column elementor-col-100 elementor-top-column elementor-element elementor-element-78575c2\" data-id=\"78575c2\" data-element_type=\"column\">\n\t\t\t<div class=\"elementor-widget-wrap elementor-element-populated\">\n\t\t\t\t\t\t<div class=\"elementor-element elementor-element-af19889 elementor-widget elementor-widget-heading\" data-id=\"af19889\" data-element_type=\"widget\" data-widget_type=\"heading.default\">\n\t\t\t\t<div class=\"elementor-widget-container\">\n\t\t\t\t\t<h2 class=\"elementor-heading-title elementor-size-default\">Events<\/h2>\t\t\t\t<\/div>\n\t\t\t\t<\/div>\n\t\t\t\t\t<\/div>\n\t\t<\/div>\n\t\t\t\t\t<\/div>\n\t\t<\/section>\n\t\t\t\t<section class=\"elementor-section elementor-top-section elementor-element elementor-element-c0b97e2 elementor-section-boxed elementor-section-height-default elementor-section-height-default\" data-id=\"c0b97e2\" data-element_type=\"section\">\n\t\t\t\t\t\t<div class=\"elementor-container elementor-column-gap-default\">\n\t\t\t\t\t<div class=\"elementor-column elementor-col-100 elementor-top-column elementor-element elementor-element-c545aba\" data-id=\"c545aba\" data-element_type=\"column\">\n\t\t\t<div class=\"elementor-widget-wrap elementor-element-populated\">\n\t\t\t\t\t\t<div class=\"elementor-element elementor-element-cd1a677 elementor-widget elementor-widget-spacer\" data-id=\"cd1a677\" data-element_type=\"widget\" data-widget_type=\"spacer.default\">\n\t\t\t\t<div class=\"elementor-widget-container\">\n\t\t\t\t\t\t\t<div class=\"elementor-spacer\">\n\t\t\t<div class=\"elementor-spacer-inner\"><\/div>\n\t\t<\/div>\n\t\t\t\t\t\t<\/div>\n\t\t\t\t<\/div>\n\t\t\t\t\t<\/div>\n\t\t<\/div>\n\t\t\t\t\t<\/div>\n\t\t<\/section>\n\t\t<div class=\"elementor-element elementor-element-ba68016 e-flex e-con-boxed e-con e-parent\" data-id=\"ba68016\" data-element_type=\"container\">\n\t\t\t\t\t<div class=\"e-con-inner\">\n\t\t\t\t<div class=\"elementor-element elementor-element-23ce573 elementor-widget elementor-widget-heading\" data-id=\"23ce573\" data-element_type=\"widget\" data-widget_type=\"heading.default\">\n\t\t\t\t<div class=\"elementor-widget-container\">\n\t\t\t\t\t<h2 class=\"elementor-heading-title elementor-size-default\">Alice\u00d4Choux : Le go\u00fbt de l'exception pour vos \u00e9v\u00e9nements \u00e0 Montr\u00e9al !<\/h2>\t\t\t\t<\/div>\n\t\t\t\t<\/div>\n\t\t\t\t\t<\/div>\n\t\t\t\t<\/div>\n\t\t\t\t<section class=\"elementor-section elementor-top-section elementor-element elementor-element-791e1c9 elementor-section-boxed elementor-section-height-default elementor-section-height-default\" data-id=\"791e1c9\" data-element_type=\"section\">\n\t\t\t\t\t\t<div class=\"elementor-container elementor-column-gap-default\">\n\t\t\t\t\t<div class=\"elementor-column elementor-col-100 elementor-top-column elementor-element elementor-element-540a4a0\" data-id=\"540a4a0\" data-element_type=\"column\">\n\t\t\t<div class=\"elementor-widget-wrap elementor-element-populated\">\n\t\t\t\t\t\t<div class=\"elementor-element elementor-element-d89b066 elementor-widget elementor-widget-text-editor\" data-id=\"d89b066\" data-element_type=\"widget\" data-widget_type=\"text-editor.default\">\n\t\t\t\t<div class=\"elementor-widget-container\">\n\t\t\t\t\t\t\t\t\t<p>Que ce soit pour un <strong>\u00e9v\u00e9nement corporatif<\/strong>, un <strong>mariage<\/strong> ou toute autre c\u00e9l\u00e9bration, Alice\u00d4Choux sublime vos r\u00e9ceptions \u00e0 Montr\u00e9al avec des <strong>desserts personnalis\u00e9s<\/strong> et un <strong>service de traiteur sur mesure<\/strong>. D\u00e9couvrez nos bars \u00e0 choux, bars \u00e0 cr\u00eapes et plateaux sucr\u00e9s et sal\u00e9s, parfaits pour les <strong>\u00e9v\u00e9nements d\u2019entreprise<\/strong> comme les conf\u00e9rences, cocktails ou f\u00eates de fin d\u2019ann\u00e9e.<\/p><p>Pour vos <strong>mariages<\/strong>, nous r\u00e9alisons des pi\u00e8ces mont\u00e9es spectaculaires, pyramides de choux \u00e9l\u00e9gantes et couronnes personnalis\u00e9es, alliant tradition fran\u00e7aise et cr\u00e9ativit\u00e9 locale. Chaque dessert, pr\u00e9par\u00e9 dans notre <strong>p\u00e2tisserie artisanale<\/strong>, garantit des saveurs uniques et m\u00e9morables.<\/p><p>Faites confiance \u00e0 Alice\u00d4Choux, votre <strong>traiteur \u00e9v\u00e9nementiel \u00e0 Montr\u00e9al<\/strong>, pour transformer vos moments d\u2019exception en exp\u00e9riences gourmandes inoubliables.<\/p>\t\t\t\t\t\t\t\t<\/div>\n\t\t\t\t<\/div>\n\t\t\t\t\t<\/div>\n\t\t<\/div>\n\t\t\t\t\t<\/div>\n\t\t<\/section>\n\t\t\t\t<section class=\"elementor-section elementor-top-section elementor-element elementor-element-7527d1c elementor-section-boxed elementor-section-height-default elementor-section-height-default\" data-id=\"7527d1c\" data-element_type=\"section\">\n\t\t\t\t\t\t<div class=\"elementor-container elementor-column-gap-default\">\n\t\t\t\t\t<div class=\"elementor-column elementor-col-50 elementor-top-column elementor-element elementor-element-72a8272\" data-id=\"72a8272\" data-element_type=\"column\">\n\t\t\t<div class=\"elementor-widget-wrap elementor-element-populated\">\n\t\t\t\t\t\t<div class=\"elementor-element elementor-element-d25d146 elementor-widget elementor-widget-image\" data-id=\"d25d146\" data-element_type=\"widget\" data-widget_type=\"image.default\">\n\t\t\t\t<div class=\"elementor-widget-container\">\n\t\t\t\t\t\t\t\t\t\t\t\t\t\t\t<img fetchpriority=\"high\" decoding=\"async\" width=\"300\" height=\"278\" src=\"https:\/\/aliceochoux.com\/wp-content\/uploads\/2024\/11\/IMG_5039-1-scaled-e1731082687419-300x278.jpg\" class=\"attachment-medium size-medium wp-image-3143\" alt=\"Alice\u00d4choux I I Desserts P\u00e2tisserie choux \u00e0 la cr\u00e8me\" srcset=\"https:\/\/aliceochoux.com\/wp-content\/uploads\/2024\/11\/IMG_5039-1-scaled-e1731082687419-300x278.jpg 300w, https:\/\/aliceochoux.com\/wp-content\/uploads\/2024\/11\/IMG_5039-1-scaled-e1731082687419-800x742.jpg 800w, https:\/\/aliceochoux.com\/wp-content\/uploads\/2024\/11\/IMG_5039-1-scaled-e1731082687419-1024x950.jpg 1024w, https:\/\/aliceochoux.com\/wp-content\/uploads\/2024\/11\/IMG_5039-1-scaled-e1731082687419-768x713.jpg 768w, https:\/\/aliceochoux.com\/wp-content\/uploads\/2024\/11\/IMG_5039-1-scaled-e1731082687419-1536x1425.jpg 1536w, https:\/\/aliceochoux.com\/wp-content\/uploads\/2024\/11\/IMG_5039-1-scaled-e1731082687419-13x12.jpg 13w, https:\/\/aliceochoux.com\/wp-content\/uploads\/2024\/11\/IMG_5039-1-scaled-e1731082687419-81x75.jpg 81w, https:\/\/aliceochoux.com\/wp-content\/uploads\/2024\/11\/IMG_5039-1-scaled-e1731082687419-480x445.jpg 480w, https:\/\/aliceochoux.com\/wp-content\/uploads\/2024\/11\/IMG_5039-1-scaled-e1731082687419.jpg 1779w\" sizes=\"(max-width:767px) 300px, 300px\" title=\"I Alice\u00d4choux I Choux \u00e0 la cr\u00e8me\">\t\t\t\t\t\t\t\t\t\t\t\t\t\t\t<\/div>\n\t\t\t\t<\/div>\n\t\t\t\t<div class=\"elementor-element elementor-element-5c6a8ad elementor-align-center elementor-widget elementor-widget-button\" data-id=\"5c6a8ad\" data-element_type=\"widget\" data-widget_type=\"button.default\">\n\t\t\t\t<div class=\"elementor-widget-container\">\n\t\t\t\t\t\t\t\t\t<div class=\"elementor-button-wrapper\">\n\t\t\t\t\t<a class=\"elementor-button elementor-button-link elementor-size-sm\" href=\"https:\/\/aliceochoux.com\/offres-desserts\/\">\n\t\t\t\t\t\t<span class=\"elementor-button-content-wrapper\">\n\t\t\t\t\t\t\t\t\t<span class=\"elementor-button-text\">Corporate and catering<\/span>\n\t\t\t\t\t<\/span>\n\t\t\t\t\t<\/a>\n\t\t\t\t<\/div>\n\t\t\t\t\t\t\t\t<\/div>\n\t\t\t\t<\/div>\n\t\t\t\t\t<\/div>\n\t\t<\/div>\n\t\t\t\t<div class=\"elementor-column elementor-col-50 elementor-top-column elementor-element elementor-element-456b1ae\" data-id=\"456b1ae\" data-element_type=\"column\">\n\t\t\t<div class=\"elementor-widget-wrap elementor-element-populated\">\n\t\t\t\t\t\t<div class=\"elementor-element elementor-element-e4a6f28 elementor-widget elementor-widget-image\" data-id=\"e4a6f28\" data-element_type=\"widget\" data-widget_type=\"image.default\">\n\t\t\t\t<div class=\"elementor-widget-container\">\n\t\t\t\t\t\t\t\t\t\t\t\t\t\t\t<img decoding=\"async\" width=\"300\" height=\"285\" src=\"https:\/\/aliceochoux.com\/wp-content\/uploads\/2024\/10\/image2-2-1-e1728477553467-300x285.jpeg\" class=\"attachment-medium size-medium wp-image-2306\" alt=\"Alice\u00d4choux I I Desserts P\u00e2tisserie choux \u00e0 la cr\u00e8me\" srcset=\"https:\/\/aliceochoux.com\/wp-content\/uploads\/2024\/10\/image2-2-1-e1728477553467-300x285.jpeg 300w, https:\/\/aliceochoux.com\/wp-content\/uploads\/2024\/10\/image2-2-1-e1728477553467-800x759.jpeg 800w, https:\/\/aliceochoux.com\/wp-content\/uploads\/2024\/10\/image2-2-1-e1728477553467-768x729.jpeg 768w, https:\/\/aliceochoux.com\/wp-content\/uploads\/2024\/10\/image2-2-1-e1728477553467-13x12.jpeg 13w, https:\/\/aliceochoux.com\/wp-content\/uploads\/2024\/10\/image2-2-1-e1728477553467-79x75.jpeg 79w, https:\/\/aliceochoux.com\/wp-content\/uploads\/2024\/10\/image2-2-1-e1728477553467-480x456.jpeg 480w, https:\/\/aliceochoux.com\/wp-content\/uploads\/2024\/10\/image2-2-1-e1728477553467.jpeg 828w\" sizes=\"(max-width:767px) 300px, 300px\" title=\"I Alice\u00d4choux I Choux \u00e0 la cr\u00e8me\">\t\t\t\t\t\t\t\t\t\t\t\t\t\t\t<\/div>\n\t\t\t\t<\/div>\n\t\t\t\t<div class=\"elementor-element elementor-element-a7e56ec elementor-align-center elementor-widget elementor-widget-button\" data-id=\"a7e56ec\" data-element_type=\"widget\" data-widget_type=\"button.default\">\n\t\t\t\t<div class=\"elementor-widget-container\">\n\t\t\t\t\t\t\t\t\t<div class=\"elementor-button-wrapper\">\n\t\t\t\t\t<a class=\"elementor-button elementor-button-link elementor-size-sm\" href=\"https:\/\/aliceochoux.com\/elementor-1663\/\">\n\t\t\t\t\t\t<span class=\"elementor-button-content-wrapper\">\n\t\t\t\t\t\t\t\t\t<span class=\"elementor-button-text\">Wedding<\/span>\n\t\t\t\t\t<\/span>\n\t\t\t\t\t<\/a>\n\t\t\t\t<\/div>\n\t\t\t\t\t\t\t\t<\/div>\n\t\t\t\t<\/div>\n\t\t\t\t\t<\/div>\n\t\t<\/div>\n\t\t\t\t\t<\/div>\n\t\t<\/section>\n\t\t\t\t<\/div>","protected":false},"excerpt":{"rendered":"<p>\u00c9v\u00e9nements Alice\u00d4Choux : Le go\u00fbt de l&rsquo;exception pour vos \u00e9v\u00e9nements \u00e0 Montr\u00e9al ! Que ce soit pour un \u00e9v\u00e9nement corporatif, un mariage ou toute autre c\u00e9l\u00e9bration,<span class=\"excerpt-hellip\"> [\u2026]<\/span><\/p>","protected":false},"author":32,"featured_media":0,"parent":0,"menu_order":0,"comment_status":"closed","ping_status":"closed","template":"","meta":{"footnotes":""},"class_list":["post-2300","page","type-page","status-publish","hentry"],"_hostinger_reach_plugin_has_subscription_block":false,"_hostinger_reach_plugin_is_elementor":false,"_links":{"self":[{"href":"https:\/\/aliceochoux.com\/en\/wp-json\/wp\/v2\/pages\/2300","targetHints":{"allow":["GET"]}}],"collection":[{"href":"https:\/\/aliceochoux.com\/en\/wp-json\/wp\/v2\/pages"}],"about":[{"href":"https:\/\/aliceochoux.com\/en\/wp-json\/wp\/v2\/types\/page"}],"author":[{"embeddable":true,"href":"https:\/\/aliceochoux.com\/en\/wp-json\/wp\/v2\/users\/32"}],"replies":[{"embeddable":true,"href":"https:\/\/aliceochoux.com\/en\/wp-json\/wp\/v2\/comments?post=2300"}],"version-history":[{"count":37,"href":"https:\/\/aliceochoux.com\/en\/wp-json\/wp\/v2\/pages\/2300\/revisions"}],"predecessor-version":[{"id":3900,"href":"https:\/\/aliceochoux.com\/en\/wp-json\/wp\/v2\/pages\/2300\/revisions\/3900"}],"wp:attachment":[{"href":"https:\/\/aliceochoux.com\/en\/wp-json\/wp\/v2\/media?parent=2300"}],"curies":[{"name":"wp","href":"https:\/\/api.w.org\/{rel}","templated":true}]}}