{"id":2320,"date":"2024-10-09T09:03:16","date_gmt":"2024-10-09T13:03:16","guid":{"rendered":"https:\/\/aliceochoux.com\/?page_id=2320"},"modified":"2024-12-06T12:38:09","modified_gmt":"2024-12-06T17:38:09","slug":"number-cake","status":"publish","type":"page","link":"https:\/\/aliceochoux.com\/en\/number-cake\/","title":{"rendered":"Number cakes"},"content":{"rendered":"<div data-elementor-type=\"wp-page\" data-elementor-id=\"2320\" class=\"elementor elementor-2320\" data-elementor-post-type=\"page\">\n\t\t\t\t\t\t<section class=\"elementor-section elementor-top-section elementor-element elementor-element-97e5959 elementor-section-boxed elementor-section-height-default elementor-section-height-default\" data-id=\"97e5959\" data-element_type=\"section\" data-settings=\"{&quot;background_background&quot;:&quot;classic&quot;}\">\n\t\t\t\t\t\t\t<div class=\"elementor-background-overlay\"><\/div>\n\t\t\t\t\t\t\t<div class=\"elementor-container elementor-column-gap-default\">\n\t\t\t\t\t<div class=\"elementor-column elementor-col-100 elementor-top-column elementor-element elementor-element-79437f0\" data-id=\"79437f0\" data-element_type=\"column\">\n\t\t\t<div class=\"elementor-widget-wrap elementor-element-populated\">\n\t\t\t\t\t\t<div class=\"elementor-element elementor-element-1117c0e elementor-widget elementor-widget-heading\" data-id=\"1117c0e\" data-element_type=\"widget\" data-widget_type=\"heading.default\">\n\t\t\t\t<div class=\"elementor-widget-container\">\n\t\t\t\t\t<h2 class=\"elementor-heading-title elementor-size-default\">Number Cakes<\/h2>\t\t\t\t<\/div>\n\t\t\t\t<\/div>\n\t\t\t\t\t<\/div>\n\t\t<\/div>\n\t\t\t\t\t<\/div>\n\t\t<\/section>\n\t\t\t\t<section class=\"elementor-section elementor-top-section elementor-element elementor-element-aa564d6 elementor-section-boxed elementor-section-height-default elementor-section-height-default\" data-id=\"aa564d6\" data-element_type=\"section\">\n\t\t\t\t\t\t<div class=\"elementor-container elementor-column-gap-default\">\n\t\t\t\t\t<div class=\"elementor-column elementor-col-100 elementor-top-column elementor-element elementor-element-02af11a\" data-id=\"02af11a\" data-element_type=\"column\">\n\t\t\t<div class=\"elementor-widget-wrap elementor-element-populated\">\n\t\t\t\t\t\t<div class=\"elementor-element elementor-element-6d49601 elementor-widget elementor-widget-spacer\" data-id=\"6d49601\" data-element_type=\"widget\" data-widget_type=\"spacer.default\">\n\t\t\t\t<div class=\"elementor-widget-container\">\n\t\t\t\t\t\t\t<div class=\"elementor-spacer\">\n\t\t\t<div class=\"elementor-spacer-inner\"><\/div>\n\t\t<\/div>\n\t\t\t\t\t\t<\/div>\n\t\t\t\t<\/div>\n\t\t\t\t\t<\/div>\n\t\t<\/div>\n\t\t\t\t\t<\/div>\n\t\t<\/section>\n\t\t\t\t<section class=\"elementor-section elementor-top-section elementor-element elementor-element-52b8b0a elementor-section-boxed elementor-section-height-default elementor-section-height-default\" data-id=\"52b8b0a\" data-element_type=\"section\">\n\t\t\t\t\t\t<div class=\"elementor-container elementor-column-gap-default\">\n\t\t\t\t\t<div class=\"elementor-column elementor-col-100 elementor-top-column elementor-element elementor-element-fe07af7\" data-id=\"fe07af7\" data-element_type=\"column\">\n\t\t\t<div class=\"elementor-widget-wrap elementor-element-populated\">\n\t\t\t\t\t\t<div class=\"elementor-element elementor-element-d620127 elementor-widget elementor-widget-heading\" data-id=\"d620127\" data-element_type=\"widget\" data-widget_type=\"heading.default\">\n\t\t\t\t<div class=\"elementor-widget-container\">\n\t\t\t\t\t<h1 class=\"elementor-heading-title elementor-size-default\">A dessert that doesn't go unnoticed !<\/h1>\t\t\t\t<\/div>\n\t\t\t\t<\/div>\n\t\t\t\t\t<\/div>\n\t\t<\/div>\n\t\t\t\t\t<\/div>\n\t\t<\/section>\n\t\t\t\t<section class=\"elementor-section elementor-top-section elementor-element elementor-element-499ea64 elementor-section-boxed elementor-section-height-default elementor-section-height-default\" data-id=\"499ea64\" data-element_type=\"section\">\n\t\t\t\t\t\t<div class=\"elementor-container elementor-column-gap-default\">\n\t\t\t\t\t<div class=\"elementor-column elementor-col-100 elementor-top-column elementor-element elementor-element-71f3446\" data-id=\"71f3446\" data-element_type=\"column\">\n\t\t\t<div class=\"elementor-widget-wrap elementor-element-populated\">\n\t\t\t\t\t\t<div class=\"elementor-element elementor-element-fec19fe elementor-widget elementor-widget-text-editor\" data-id=\"fec19fe\" data-element_type=\"widget\" data-widget_type=\"text-editor.default\">\n\t\t\t\t<div class=\"elementor-widget-container\">\n\t\t\t\t\t\t\t\t\t<p style=\"font-style: normal; font-variant-caps: normal; caret-color: #000000; color: #000000;\">Pour vos\u00a0anniversaires\u00a0et\u00a0f\u00eates\u00a0sp\u00e9ciales, AliceOChoux propose des\u00a0number cakes en choux\u00a0uniques et personnalis\u00e9s. Choisissez vos chiffres, saveurs et d\u00e9corations pour un dessert sur-mesure, id\u00e9al pour marquer vos moments importants. Nos choux gourmands, garnis de cr\u00e8mes maison, raviront vos invit\u00e9s. Commandez d\u00e8s maintenant pour une touche sucr\u00e9e inoubliable !<\/p>\t\t\t\t\t\t\t\t<\/div>\n\t\t\t\t<\/div>\n\t\t\t\t\t<\/div>\n\t\t<\/div>\n\t\t\t\t\t<\/div>\n\t\t<\/section>\n\t\t\t\t<section class=\"elementor-section elementor-top-section elementor-element elementor-element-33f32c9 elementor-section-boxed elementor-section-height-default elementor-section-height-default\" data-id=\"33f32c9\" data-element_type=\"section\">\n\t\t\t\t\t\t<div class=\"elementor-container elementor-column-gap-default\">\n\t\t\t\t\t<div class=\"elementor-column elementor-col-100 elementor-top-column elementor-element elementor-element-dd0c10c\" data-id=\"dd0c10c\" data-element_type=\"column\">\n\t\t\t<div class=\"elementor-widget-wrap elementor-element-populated\">\n\t\t\t\t\t\t<div class=\"elementor-element elementor-element-5a52b90 elementor-widget elementor-widget-heading\" data-id=\"5a52b90\" data-element_type=\"widget\" data-widget_type=\"heading.default\">\n\t\t\t\t<div class=\"elementor-widget-container\">\n\t\t\t\t\t<h2 class=\"elementor-heading-title elementor-size-default\">Create your Number cake <\/h2>\t\t\t\t<\/div>\n\t\t\t\t<\/div>\n\t\t\t\t\t<\/div>\n\t\t<\/div>\n\t\t\t\t\t<\/div>\n\t\t<\/section>\n\t\t<div class=\"elementor-element elementor-element-cc16c66 e-flex e-con-boxed e-con e-parent\" data-id=\"cc16c66\" data-element_type=\"container\">\n\t\t\t\t\t<div class=\"e-con-inner\">\n\t\t\t\t<div class=\"elementor-element elementor-element-221a7fe elementor-widget elementor-widget-spacer\" data-id=\"221a7fe\" data-element_type=\"widget\" data-widget_type=\"spacer.default\">\n\t\t\t\t<div class=\"elementor-widget-container\">\n\t\t\t\t\t\t\t<div class=\"elementor-spacer\">\n\t\t\t<div class=\"elementor-spacer-inner\"><\/div>\n\t\t<\/div>\n\t\t\t\t\t\t<\/div>\n\t\t\t\t<\/div>\n\t\t\t\t\t<\/div>\n\t\t\t\t<\/div>\n\t\t<div class=\"elementor-element elementor-element-f57852c e-flex e-con-boxed e-con e-parent\" data-id=\"f57852c\" data-element_type=\"container\">\n\t\t\t\t\t<div class=\"e-con-inner\">\n\t\t\t\t<div class=\"elementor-element elementor-element-c72c895 elementor-widget elementor-widget-image\" data-id=\"c72c895\" data-element_type=\"widget\" data-widget_type=\"image.default\">\n\t\t\t\t<div class=\"elementor-widget-container\">\n\t\t\t\t\t\t\t\t\t\t\t\t\t\t\t<img fetchpriority=\"high\" decoding=\"async\" width=\"480\" height=\"682\" src=\"https:\/\/aliceochoux.com\/wp-content\/uploads\/2024\/10\/IMG_4203-480x682.jpeg\" class=\"attachment-mobile-srcset size-mobile-srcset wp-image-2326\" alt=\"Alice\u00d4choux I I Desserts P\u00e2tisserie choux \u00e0 la cr\u00e8me\" srcset=\"https:\/\/aliceochoux.com\/wp-content\/uploads\/2024\/10\/IMG_4203-480x682.jpeg 480w, https:\/\/aliceochoux.com\/wp-content\/uploads\/2024\/10\/IMG_4203-800x1136.jpeg 800w, https:\/\/aliceochoux.com\/wp-content\/uploads\/2024\/10\/IMG_4203-211x300.jpeg 211w, https:\/\/aliceochoux.com\/wp-content\/uploads\/2024\/10\/IMG_4203-721x1024.jpeg 721w, https:\/\/aliceochoux.com\/wp-content\/uploads\/2024\/10\/IMG_4203-768x1090.jpeg 768w, https:\/\/aliceochoux.com\/wp-content\/uploads\/2024\/10\/IMG_4203-1082x1536.jpeg 1082w, https:\/\/aliceochoux.com\/wp-content\/uploads\/2024\/10\/IMG_4203-8x12.jpeg 8w, https:\/\/aliceochoux.com\/wp-content\/uploads\/2024\/10\/IMG_4203-53x75.jpeg 53w, https:\/\/aliceochoux.com\/wp-content\/uploads\/2024\/10\/IMG_4203.jpeg 1372w\" sizes=\"(max-width:767px) 480px, 480px\" title=\"I Alice\u00d4choux I Choux \u00e0 la cr\u00e8me\">\t\t\t\t\t\t\t\t\t\t\t\t\t\t\t<\/div>\n\t\t\t\t<\/div>\n\t\t\t\t\t<\/div>\n\t\t\t\t<\/div>\n\t\t<div class=\"elementor-element elementor-element-7b9e1c7 e-flex e-con-boxed e-con e-parent\" data-id=\"7b9e1c7\" data-element_type=\"container\">\n\t\t\t\t\t<div class=\"e-con-inner\">\n\t\t\t\t<div class=\"elementor-element elementor-element-f93e053 elementor-widget elementor-widget-spacer\" data-id=\"f93e053\" data-element_type=\"widget\" data-widget_type=\"spacer.default\">\n\t\t\t\t<div class=\"elementor-widget-container\">\n\t\t\t\t\t\t\t<div class=\"elementor-spacer\">\n\t\t\t<div class=\"elementor-spacer-inner\"><\/div>\n\t\t<\/div>\n\t\t\t\t\t\t<\/div>\n\t\t\t\t<\/div>\n\t\t\t\t\t<\/div>\n\t\t\t\t<\/div>\n\t\t<div class=\"elementor-element elementor-element-47b6240 e-flex e-con-boxed e-con e-parent\" data-id=\"47b6240\" data-element_type=\"container\">\n\t\t\t\t\t<div class=\"e-con-inner\">\n\t\t\t\t<div class=\"elementor-element elementor-element-e7b8fd5 elementor-widget elementor-widget-text-editor\" data-id=\"e7b8fd5\" data-element_type=\"widget\" data-widget_type=\"text-editor.default\">\n\t\t\t\t<div class=\"elementor-widget-container\">\n\t\t\t\t\t\t\t\t\t<p><span style=\"font-style: normal; font-variant-caps: normal; caret-color: #000000; color: #000000; font-size: medium;\"><b>Pour toute commande de number cake, un d\u00e9lai minimum de 72 heures est requis. Merci de votre compr\u00e9hension ! \ud83d\ude42<\/b><\/span><\/p>\t\t\t\t\t\t\t\t<\/div>\n\t\t\t\t<\/div>\n\t\t\t\t\t<\/div>\n\t\t\t\t<\/div>\n\t\t<div class=\"elementor-element elementor-element-83053ab e-flex e-con-boxed e-con e-parent\" data-id=\"83053ab\" data-element_type=\"container\">\n\t\t\t\t\t<div class=\"e-con-inner\">\n\t\t\t\t<div class=\"elementor-element elementor-element-4fc34d4 elementor-align-center elementor-widget elementor-widget-button\" data-id=\"4fc34d4\" data-element_type=\"widget\" data-widget_type=\"button.default\">\n\t\t\t\t<div class=\"elementor-widget-container\">\n\t\t\t\t\t\t\t\t\t<div class=\"elementor-button-wrapper\">\n\t\t\t\t\t<a class=\"elementor-button elementor-button-link elementor-size-sm\" href=\"https:\/\/aliceochoux.com\/contact-chou-a-la-creme-patissiere\/\">\n\t\t\t\t\t\t<span class=\"elementor-button-content-wrapper\">\n\t\t\t\t\t\t\t\t\t<span class=\"elementor-button-text\">Contact us for more information<\/span>\n\t\t\t\t\t<\/span>\n\t\t\t\t\t<\/a>\n\t\t\t\t<\/div>\n\t\t\t\t\t\t\t\t<\/div>\n\t\t\t\t<\/div>\n\t\t\t\t\t<\/div>\n\t\t\t\t<\/div>\n\t\t<div class=\"elementor-element elementor-element-39e5eff e-flex e-con-boxed e-con e-parent\" data-id=\"39e5eff\" data-element_type=\"container\">\n\t\t\t\t\t<div class=\"e-con-inner\">\n\t\t\t\t<div class=\"elementor-element elementor-element-1bb757b elementor-widget elementor-widget-spacer\" data-id=\"1bb757b\" data-element_type=\"widget\" data-widget_type=\"spacer.default\">\n\t\t\t\t<div class=\"elementor-widget-container\">\n\t\t\t\t\t\t\t<div class=\"elementor-spacer\">\n\t\t\t<div class=\"elementor-spacer-inner\"><\/div>\n\t\t<\/div>\n\t\t\t\t\t\t<\/div>\n\t\t\t\t<\/div>\n\t\t\t\t\t<\/div>\n\t\t\t\t<\/div>\n\t\t\t\t<\/div>","protected":false},"excerpt":{"rendered":"<p>Number Cakes Un dessert qui ne passe pas inaper\u00e7u ! Pour vos\u00a0anniversaires\u00a0et\u00a0f\u00eates\u00a0sp\u00e9ciales, AliceOChoux propose des\u00a0number cakes en choux\u00a0uniques et personnalis\u00e9s. Choisissez vos chiffres, saveurs et d\u00e9corations<span class=\"excerpt-hellip\"> [\u2026]<\/span><\/p>","protected":false},"author":32,"featured_media":0,"parent":0,"menu_order":0,"comment_status":"closed","ping_status":"closed","template":"","meta":{"footnotes":""},"class_list":["post-2320","page","type-page","status-publish","hentry"],"_hostinger_reach_plugin_has_subscription_block":false,"_hostinger_reach_plugin_is_elementor":false,"_links":{"self":[{"href":"https:\/\/aliceochoux.com\/en\/wp-json\/wp\/v2\/pages\/2320","targetHints":{"allow":["GET"]}}],"collection":[{"href":"https:\/\/aliceochoux.com\/en\/wp-json\/wp\/v2\/pages"}],"about":[{"href":"https:\/\/aliceochoux.com\/en\/wp-json\/wp\/v2\/types\/page"}],"author":[{"embeddable":true,"href":"https:\/\/aliceochoux.com\/en\/wp-json\/wp\/v2\/users\/32"}],"replies":[{"embeddable":true,"href":"https:\/\/aliceochoux.com\/en\/wp-json\/wp\/v2\/comments?post=2320"}],"version-history":[{"count":23,"href":"https:\/\/aliceochoux.com\/en\/wp-json\/wp\/v2\/pages\/2320\/revisions"}],"predecessor-version":[{"id":3283,"href":"https:\/\/aliceochoux.com\/en\/wp-json\/wp\/v2\/pages\/2320\/revisions\/3283"}],"wp:attachment":[{"href":"https:\/\/aliceochoux.com\/en\/wp-json\/wp\/v2\/media?parent=2320"}],"curies":[{"name":"wp","href":"https:\/\/api.w.org\/{rel}","templated":true}]}}