{"id":3469,"date":"2025-01-06T15:49:47","date_gmt":"2025-01-06T20:49:47","guid":{"rendered":"https:\/\/aliceochoux.com\/?page_id=3469"},"modified":"2025-01-15T13:25:50","modified_gmt":"2025-01-15T18:25:50","slug":"mini-chouxoluxe","status":"publish","type":"page","link":"https:\/\/aliceochoux.com\/en\/mini-chouxoluxe\/","title":{"rendered":"Mini Choux\u00d4luxe"},"content":{"rendered":"<div data-elementor-type=\"wp-page\" data-elementor-id=\"3469\" class=\"elementor elementor-3469\" data-elementor-post-type=\"page\">\n\t\t\t\t\t\t<section class=\"elementor-section elementor-top-section elementor-element elementor-element-a4e36a0 elementor-section-boxed elementor-section-height-default elementor-section-height-default\" data-id=\"a4e36a0\" data-element_type=\"section\" data-settings=\"{&quot;background_background&quot;:&quot;classic&quot;}\">\n\t\t\t\t\t\t\t<div class=\"elementor-background-overlay\"><\/div>\n\t\t\t\t\t\t\t<div class=\"elementor-container elementor-column-gap-default\">\n\t\t\t\t\t<div class=\"elementor-column elementor-col-100 elementor-top-column elementor-element elementor-element-f73abcb\" data-id=\"f73abcb\" data-element_type=\"column\">\n\t\t\t<div class=\"elementor-widget-wrap elementor-element-populated\">\n\t\t\t\t\t\t<div class=\"elementor-element elementor-element-db1a543 elementor-widget elementor-widget-heading\" data-id=\"db1a543\" data-element_type=\"widget\" data-widget_type=\"heading.default\">\n\t\t\t\t<div class=\"elementor-widget-container\">\n\t\t\t\t\t<h2 class=\"elementor-heading-title elementor-size-default\"><h2 data-elementor-setting-key=\"title\" data-pen-placeholder=\"Saisir ici...\" style=\"font-style: normal;font-weight: 400;font-size: 55px;font-family: Sacramento, sans-serif;letter-spacing: normal;color: var( --e-global-color-bb9e728 );text-align: center\">Mini Choux\u00d4luxe<span style=\", sans-serif;font-size: 45px;font-weight: 600;letter-spacing: 3px\"><\/span><\/h2><\/h2>\t\t\t\t<\/div>\n\t\t\t\t<\/div>\n\t\t\t\t\t<\/div>\n\t\t<\/div>\n\t\t\t\t\t<\/div>\n\t\t<\/section>\n\t\t\t\t<section class=\"elementor-section elementor-top-section elementor-element elementor-element-dbb6fb8 elementor-section-boxed elementor-section-height-default elementor-section-height-default\" data-id=\"dbb6fb8\" data-element_type=\"section\">\n\t\t\t\t\t\t<div class=\"elementor-container elementor-column-gap-default\">\n\t\t\t\t\t<div class=\"elementor-column elementor-col-100 elementor-top-column elementor-element elementor-element-75ca3bf\" data-id=\"75ca3bf\" data-element_type=\"column\">\n\t\t\t<div class=\"elementor-widget-wrap elementor-element-populated\">\n\t\t\t\t\t\t<div class=\"elementor-element elementor-element-9858dfc elementor-widget elementor-widget-spacer\" data-id=\"9858dfc\" data-element_type=\"widget\" data-widget_type=\"spacer.default\">\n\t\t\t\t<div class=\"elementor-widget-container\">\n\t\t\t\t\t\t\t<div class=\"elementor-spacer\">\n\t\t\t<div class=\"elementor-spacer-inner\"><\/div>\n\t\t<\/div>\n\t\t\t\t\t\t<\/div>\n\t\t\t\t<\/div>\n\t\t\t\t\t<\/div>\n\t\t<\/div>\n\t\t\t\t\t<\/div>\n\t\t<\/section>\n\t\t\t\t<section class=\"elementor-section elementor-top-section elementor-element elementor-element-877e494 elementor-section-boxed elementor-section-height-default elementor-section-height-default\" data-id=\"877e494\" data-element_type=\"section\">\n\t\t\t\t\t\t<div class=\"elementor-container elementor-column-gap-default\">\n\t\t\t\t\t<div class=\"elementor-column elementor-col-100 elementor-top-column elementor-element elementor-element-07243ab\" data-id=\"07243ab\" data-element_type=\"column\">\n\t\t\t<div class=\"elementor-widget-wrap elementor-element-populated\">\n\t\t\t\t\t\t<div class=\"elementor-element elementor-element-ffdefd6 elementor-widget elementor-widget-heading\" data-id=\"ffdefd6\" data-element_type=\"widget\" data-widget_type=\"heading.default\">\n\t\t\t\t<div class=\"elementor-widget-container\">\n\t\t\t\t\t<h2 class=\"elementor-heading-title elementor-size-default\">The finesse of pastry: our pastry cream cream puffs!<\/h2>\t\t\t\t<\/div>\n\t\t\t\t<\/div>\n\t\t\t\t\t<\/div>\n\t\t<\/div>\n\t\t\t\t\t<\/div>\n\t\t<\/section>\n\t\t\t\t<section class=\"elementor-section elementor-top-section elementor-element elementor-element-4290b29 elementor-section-boxed elementor-section-height-default elementor-section-height-default\" data-id=\"4290b29\" data-element_type=\"section\">\n\t\t\t\t\t\t<div class=\"elementor-container elementor-column-gap-default\">\n\t\t\t\t\t<div class=\"elementor-column elementor-col-100 elementor-top-column elementor-element elementor-element-1d2b584\" data-id=\"1d2b584\" data-element_type=\"column\">\n\t\t\t<div class=\"elementor-widget-wrap elementor-element-populated\">\n\t\t\t\t\t\t<div class=\"elementor-element elementor-element-a102160 elementor-widget elementor-widget-text-editor\" data-id=\"a102160\" data-element_type=\"widget\" data-widget_type=\"text-editor.default\">\n\t\t\t\t<div class=\"elementor-widget-container\">\n\t\t\t\t\t\t\t\t\t<p>Les mini Choux\u00d4luxe sont une d\u00e9clinaison encore plus gourmande des Choux\u00d4Luxe classiques. Ces petites bouch\u00e9es raffin\u00e9es allient tout le plaisir des Choux\u00d4luxe classiques \u00e0 un format mini, parfait pour toutes les occasions. Chez Alice\u00d4Choux, d\u00e9couvrez ces tr\u00e9sors de saveurs et de cr\u00e9ativit\u00e9, o\u00f9 la tradition fran\u00e7aise rencontre des inspirations modernes et color\u00e9es.<\/p>\t\t\t\t\t\t\t\t<\/div>\n\t\t\t\t<\/div>\n\t\t\t\t\t<\/div>\n\t\t<\/div>\n\t\t\t\t\t<\/div>\n\t\t<\/section>\n\t\t\t\t<section class=\"elementor-section elementor-top-section elementor-element elementor-element-bb2c670 elementor-section-boxed elementor-section-height-default elementor-section-height-default\" data-id=\"bb2c670\" data-element_type=\"section\">\n\t\t\t\t\t\t<div class=\"elementor-container elementor-column-gap-default\">\n\t\t\t\t\t<div class=\"elementor-column elementor-col-100 elementor-top-column elementor-element elementor-element-9f880e8\" data-id=\"9f880e8\" data-element_type=\"column\">\n\t\t\t<div class=\"elementor-widget-wrap elementor-element-populated\">\n\t\t\t\t\t\t<div class=\"elementor-element elementor-element-21e5e15 elementor-widget elementor-widget-heading\" data-id=\"21e5e15\" data-element_type=\"widget\" data-widget_type=\"heading.default\">\n\t\t\t\t<div class=\"elementor-widget-container\">\n\t\t\t\t\t<h2 class=\"elementor-heading-title elementor-size-default\">Description de nos mini Choux\u00d4Luxe<\/h2>\t\t\t\t<\/div>\n\t\t\t\t<\/div>\n\t\t\t\t\t<\/div>\n\t\t<\/div>\n\t\t\t\t\t<\/div>\n\t\t<\/section>\n\t\t\t\t<section class=\"elementor-section elementor-top-section elementor-element elementor-element-ad36eb1 elementor-section-boxed elementor-section-height-default elementor-section-height-default\" data-id=\"ad36eb1\" data-element_type=\"section\">\n\t\t\t\t\t\t<div class=\"elementor-container elementor-column-gap-default\">\n\t\t\t\t\t<div class=\"elementor-column elementor-col-100 elementor-top-column elementor-element elementor-element-86fdc26\" data-id=\"86fdc26\" data-element_type=\"column\">\n\t\t\t<div class=\"elementor-widget-wrap elementor-element-populated\">\n\t\t\t\t\t\t<div class=\"elementor-element elementor-element-11fa61a elementor-widget elementor-widget-text-editor\" data-id=\"11fa61a\" data-element_type=\"widget\" data-widget_type=\"text-editor.default\">\n\t\t\t\t<div class=\"elementor-widget-container\">\n\t\t\t\t\t\t\t\t\t<ul><li><b>Paris-Brest<\/b> : An ultra-gourmet cream puff filled with homemade praline mousseline, a heart of almond-hazelnut praline, and caramelized dried fruits.<\/li><li><b>Lemon Meringue<\/b> : A cream puff like a lemon tart with a rich, melting lemon cream and an irresistible meringue !<\/li><li><b>Vanilla<\/b> : A delicious cream puff with a light Madagascar vanilla cream, a vanilla heart, vanilla whipped cream, and a crispy meringue.<\/li><li><b>An EXTRA LARGE cream puff like a chocolate-caramel pie with a light chocolate cream, a flowing caramel heart, a fleur de sel ganache and crunchy chocolate pearls!<\/b> A cream puff like a chocolate-caramel tart with a light chocolate cream, a flowing caramel center, a salted flower ganache, and crunchy chocolate pearls !<\/li><li><b>Banana-Caramel<\/b> : A cream puff like a Banoffee Pie with a decadent banana mousse, a flowing caramel center, vanilla whipped cream, and crunchy banana chips.<\/li><li><strong>Pavlova Pomme Passion<\/strong> : Un chou \u00e0 la cr\u00e8me pavlova compos\u00e9 d&rsquo;une chantilly vanille, d&rsquo;une compot\u00e9e de pommes et une gel\u00e9e de pommes Granny Smith avec un coeur fruit de la passion.<\/li><\/ul>\t\t\t\t\t\t\t\t<\/div>\n\t\t\t\t<\/div>\n\t\t\t\t\t<\/div>\n\t\t<\/div>\n\t\t\t\t\t<\/div>\n\t\t<\/section>\n\t\t<div class=\"elementor-element elementor-element-99ea29a e-flex e-con-boxed e-con e-parent\" data-id=\"99ea29a\" data-element_type=\"container\">\n\t\t\t\t\t<div class=\"e-con-inner\">\n\t\t\t\t<div class=\"elementor-element elementor-element-638fe39 elementor-widget elementor-widget-image\" data-id=\"638fe39\" data-element_type=\"widget\" data-widget_type=\"image.default\">\n\t\t\t\t<div class=\"elementor-widget-container\">\n\t\t\t\t\t\t\t\t\t\t\t\t\t\t\t<img fetchpriority=\"high\" decoding=\"async\" width=\"300\" height=\"300\" src=\"https:\/\/aliceochoux.com\/wp-content\/uploads\/2024\/10\/IMG_5155-300x300.jpg\" class=\"attachment-woocommerce_gallery_thumbnail size-woocommerce_gallery_thumbnail wp-image-2805\" alt=\"Alice\u00d4choux I I Desserts P\u00e2tisserie choux \u00e0 la cr\u00e8me\" srcset=\"https:\/\/aliceochoux.com\/wp-content\/uploads\/2024\/10\/IMG_5155-300x300.jpg 300w, https:\/\/aliceochoux.com\/wp-content\/uploads\/2024\/10\/IMG_5155-800x800.jpg 800w, https:\/\/aliceochoux.com\/wp-content\/uploads\/2024\/10\/IMG_5155-150x150.jpg 150w, https:\/\/aliceochoux.com\/wp-content\/uploads\/2024\/10\/IMG_5155-11x12.jpg 11w\" sizes=\"(max-width:767px) 300px, 300px\" title=\"I Alice\u00d4choux I Choux \u00e0 la cr\u00e8me\">\t\t\t\t\t\t\t\t\t\t\t\t\t\t\t<\/div>\n\t\t\t\t<\/div>\n\t\t\t\t<div class=\"elementor-element elementor-element-0077799 elementor-align-center elementor-widget elementor-widget-button\" data-id=\"0077799\" data-element_type=\"widget\" data-widget_type=\"button.default\">\n\t\t\t\t<div class=\"elementor-widget-container\">\n\t\t\t\t\t\t\t\t\t<div class=\"elementor-button-wrapper\">\n\t\t\t\t\t<a class=\"elementor-button elementor-button-link elementor-size-sm\" href=\"https:\/\/aliceochoux.com\/products\/uncategorized\/boite-de-mini-chouxoluxe-2\/\">\n\t\t\t\t\t\t<span class=\"elementor-button-content-wrapper\">\n\t\t\t\t\t\t\t\t\t<span class=\"elementor-button-text\">Order<\/span>\n\t\t\t\t\t<\/span>\n\t\t\t\t\t<\/a>\n\t\t\t\t<\/div>\n\t\t\t\t\t\t\t\t<\/div>\n\t\t\t\t<\/div>\n\t\t\t\t\t<\/div>\n\t\t\t\t<\/div>\n\t\t\t\t<\/div>","protected":false},"excerpt":{"rendered":"<p>Mini Choux\u00d4luxe La finesse de la p\u00e2tisserie, nos choux \u00e0 la cr\u00e8me p\u00e2tissi\u00e8re ! Les mini Choux\u00d4luxe sont une d\u00e9clinaison encore plus gourmande des Choux\u00d4Luxe classiques.<span class=\"excerpt-hellip\"> [\u2026]<\/span><\/p>","protected":false},"author":32,"featured_media":2932,"parent":0,"menu_order":0,"comment_status":"closed","ping_status":"closed","template":"elementor_header_footer","meta":{"footnotes":""},"class_list":["post-3469","page","type-page","status-publish","has-post-thumbnail","hentry"],"_hostinger_reach_plugin_has_subscription_block":false,"_hostinger_reach_plugin_is_elementor":false,"_links":{"self":[{"href":"https:\/\/aliceochoux.com\/en\/wp-json\/wp\/v2\/pages\/3469","targetHints":{"allow":["GET"]}}],"collection":[{"href":"https:\/\/aliceochoux.com\/en\/wp-json\/wp\/v2\/pages"}],"about":[{"href":"https:\/\/aliceochoux.com\/en\/wp-json\/wp\/v2\/types\/page"}],"author":[{"embeddable":true,"href":"https:\/\/aliceochoux.com\/en\/wp-json\/wp\/v2\/users\/32"}],"replies":[{"embeddable":true,"href":"https:\/\/aliceochoux.com\/en\/wp-json\/wp\/v2\/comments?post=3469"}],"version-history":[{"count":11,"href":"https:\/\/aliceochoux.com\/en\/wp-json\/wp\/v2\/pages\/3469\/revisions"}],"predecessor-version":[{"id":4194,"href":"https:\/\/aliceochoux.com\/en\/wp-json\/wp\/v2\/pages\/3469\/revisions\/4194"}],"wp:featuredmedia":[{"embeddable":true,"href":"https:\/\/aliceochoux.com\/en\/wp-json\/wp\/v2\/media\/2932"}],"wp:attachment":[{"href":"https:\/\/aliceochoux.com\/en\/wp-json\/wp\/v2\/media?parent=3469"}],"curies":[{"name":"wp","href":"https:\/\/api.w.org\/{rel}","templated":true}]}}