{"id":371,"date":"2022-05-24T15:02:46","date_gmt":"2022-05-24T15:02:46","guid":{"rendered":"https:\/\/aliceochoux.com\/?page_id=371"},"modified":"2025-11-14T01:03:35","modified_gmt":"2025-11-14T06:03:35","slug":"choukchouks-chou-a-la-creme","status":"publish","type":"page","link":"https:\/\/aliceochoux.com\/en\/choukchouks-chou-a-la-creme\/","title":{"rendered":"ChouKchouKs"},"content":{"rendered":"<div data-elementor-type=\"wp-page\" data-elementor-id=\"371\" class=\"elementor elementor-371\" data-elementor-post-type=\"page\">\n\t\t\t\t\t\t<section class=\"elementor-section elementor-top-section elementor-element elementor-element-4dd783b elementor-section-boxed elementor-section-height-default elementor-section-height-default\" data-id=\"4dd783b\" data-element_type=\"section\" data-settings=\"{&quot;background_background&quot;:&quot;classic&quot;}\">\n\t\t\t\t\t\t\t<div class=\"elementor-background-overlay\"><\/div>\n\t\t\t\t\t\t\t<div class=\"elementor-container elementor-column-gap-default\">\n\t\t\t\t\t<div class=\"elementor-column elementor-col-100 elementor-top-column elementor-element elementor-element-d04dc4e\" data-id=\"d04dc4e\" data-element_type=\"column\">\n\t\t\t<div class=\"elementor-widget-wrap elementor-element-populated\">\n\t\t\t\t\t\t<div class=\"elementor-element elementor-element-bc4c95e elementor-widget elementor-widget-heading\" data-id=\"bc4c95e\" data-element_type=\"widget\" data-widget_type=\"heading.default\">\n\t\t\t\t<div class=\"elementor-widget-container\">\n\t\t\t\t\t<h2 class=\"elementor-heading-title elementor-size-default\"><h2 data-elementor-setting-key=\"title\" data-pen-placeholder=\"Saisir ici...\" style=\"font-style: normal;font-weight: 400;font-size: 55px;font-family: Sacramento, sans-serif;letter-spacing: normal;color: var( --e-global-color-bb9e728 );text-align: center\">Choukchouks<span style=\", sans-serif;font-size: 45px;font-weight: 600;letter-spacing: 3px\"><\/span><\/h2><\/h2>\t\t\t\t<\/div>\n\t\t\t\t<\/div>\n\t\t\t\t\t<\/div>\n\t\t<\/div>\n\t\t\t\t\t<\/div>\n\t\t<\/section>\n\t\t\t\t<section class=\"elementor-section elementor-top-section elementor-element elementor-element-c75854e elementor-section-boxed elementor-section-height-default elementor-section-height-default\" data-id=\"c75854e\" data-element_type=\"section\">\n\t\t\t\t\t\t<div class=\"elementor-container elementor-column-gap-default\">\n\t\t\t\t\t<div class=\"elementor-column elementor-col-50 elementor-top-column elementor-element elementor-element-9fe3192\" data-id=\"9fe3192\" data-element_type=\"column\">\n\t\t\t<div class=\"elementor-widget-wrap elementor-element-populated\">\n\t\t\t\t\t\t<div class=\"elementor-element elementor-element-a6b6060 elementor-widget elementor-widget-heading\" data-id=\"a6b6060\" data-element_type=\"widget\" data-widget_type=\"heading.default\">\n\t\t\t\t<div class=\"elementor-widget-container\">\n\t\t\t\t\t<h1 class=\"elementor-heading-title elementor-size-default\">Cream Puffs, the essential treat to delight your taste buds!<\/h1>\t\t\t\t<\/div>\n\t\t\t\t<\/div>\n\t\t\t\t<div class=\"elementor-element elementor-element-a153529 elementor-widget elementor-widget-heading\" data-id=\"a153529\" data-element_type=\"widget\" data-widget_type=\"heading.default\">\n\t\t\t\t<div class=\"elementor-widget-container\">\n\t\t\t\t\t<h2 class=\"elementor-heading-title elementor-size-default\">ChouKchouKs Cream Puffs: a perfect combination of tradition and\nmodernity! Cream puffs are a classic French pastry that has stood the test\nof time without losing any of their charm. However, to give a new twist to\nthis sweet treat, Alice\u00d4choux has reimagined the recipe by adding her own\npersonal touch.<\/h2>\t\t\t\t<\/div>\n\t\t\t\t<\/div>\n\t\t\t\t\t<\/div>\n\t\t<\/div>\n\t\t\t\t<div class=\"elementor-column elementor-col-50 elementor-top-column elementor-element elementor-element-224213b\" data-id=\"224213b\" data-element_type=\"column\">\n\t\t\t<div class=\"elementor-widget-wrap elementor-element-populated\">\n\t\t\t\t\t\t<section class=\"elementor-section elementor-inner-section elementor-element elementor-element-e12b3eb elementor-section-boxed elementor-section-height-default elementor-section-height-default\" data-id=\"e12b3eb\" data-element_type=\"section\">\n\t\t\t\t\t\t<div class=\"elementor-container elementor-column-gap-default\">\n\t\t\t\t\t<div class=\"elementor-column elementor-col-100 elementor-inner-column elementor-element elementor-element-2b4f14d\" data-id=\"2b4f14d\" data-element_type=\"column\">\n\t\t\t<div class=\"elementor-widget-wrap elementor-element-populated\">\n\t\t\t\t\t\t<div class=\"elementor-element elementor-element-0d6d8b4 elementor-grid-1 elementor-grid-tablet-3 elementor-grid-mobile-2 elementor-products-grid elementor-wc-products elementor-widget elementor-widget-woocommerce-products\" data-id=\"0d6d8b4\" data-element_type=\"widget\" data-widget_type=\"woocommerce-products.default\">\n\t\t\t\t<div class=\"elementor-widget-container\">\n\t\t\t\t\t<div class=\"woocommerce columns-1\">\n<div class=\"products_wrapper mfn-woo-products isotope_wrapper default-woo-loop lm_wrapper\">\n\t<ul class=\"products elementor-grid mfn-equal-heights\">\n<li class=\"isotope-item align-center product type-product post-4439 status-publish first outofstock product_cat-les-patisseries-sans-gluten has-post-thumbnail taxable shipping-taxable purchasable product-type-simple\" >\n\n\t<div class=\"mfn-li-product-row mfn-li-product-row-image\"><div class=\"image_frame scale-with-grid product-loop-thumb\"><div class=\"image_wrapper\"><a href=\"https:\/\/aliceochoux.com\/en\/products\/les-patisseries-sans-gluten\/tarte-o-citron-meringuee-6-personnes\/\" aria-label=\"Tarte \u00d4 citron meringu\u00e9e (6 personnes)\" tabindex=\"-1\"><div class=\"mask\"><\/div><img fetchpriority=\"high\" decoding=\"async\" width=\"800\" height=\"800\" src=\"https:\/\/aliceochoux.com\/wp-content\/uploads\/2024\/11\/Whitagram-Image-800x800.jpg\" class=\"attachment-woocommerce_thumbnail size-woocommerce_thumbnail\" alt=\"Tarte \u00d4 citron meringu\u00e9e (6 personnes)\" srcset=\"https:\/\/aliceochoux.com\/wp-content\/uploads\/2024\/11\/Whitagram-Image-800x800.jpg 800w, https:\/\/aliceochoux.com\/wp-content\/uploads\/2024\/11\/Whitagram-Image-300x300.jpg 300w, https:\/\/aliceochoux.com\/wp-content\/uploads\/2024\/11\/Whitagram-Image-150x150.jpg 150w, https:\/\/aliceochoux.com\/wp-content\/uploads\/2024\/11\/Whitagram-Image-13x12.jpg 13w\" sizes=\"(max-width:767px) 480px, (max-width:800px) 100vw, 800px\" title=\"I Alice\u00d4choux I Choux \u00e0 la cr\u00e8me\"><\/a><div class=\"image_links\"><a class=\"link\" tabindex=\"-1\" href=\"https:\/\/aliceochoux.com\/en\/products\/les-patisseries-sans-gluten\/tarte-o-citron-meringuee-6-personnes\/\"><svg viewbox=\"0 0 26 26\"><defs><style>.path{fill:none;stroke:#333;stroke-miterlimit:10;stroke-width:1.5px;}<\/style><\/defs><g><path d=\"M10.17,8.76l2.12-2.12a5,5,0,0,1,7.07,0h0a5,5,0,0,1,0,7.07l-2.12,2.12\" class=\"path\"\/><path d=\"M15.83,17.24l-2.12,2.12a5,5,0,0,1-7.07,0h0a5,5,0,0,1,0-7.07l2.12-2.12\" class=\"path\"\/><line x1=\"10.17\" y1=\"15.83\" x2=\"15.83\" y2=\"10.17\" class=\"path\"\/><\/g><\/svg><\/a><a href=\"#\" tabindex=\"-1\" data-id=\"4439\" class=\"mfn-quick-view\"><svg viewbox=\"0 0 26 26\"><defs><style>.path{fill:none;stroke:#333;stroke-miterlimit:10;stroke-width:1.5px;}<\/style><\/defs><line x1=\"7\" y1=\"7\" x2=\"11.29\" y2=\"11.29\" class=\"path\"\/><line x1=\"14.62\" y1=\"14.62\" x2=\"18.91\" y2=\"18.91\" class=\"path\"\/><polyline points=\"7 15.57 7 19 10.43 19\" class=\"path\"\/><polyline points=\"15.57 19 19 19 19 15.57\" class=\"path\"\/><polyline points=\"10.43 7 7 7 7 10.43\" class=\"path\"\/><polyline points=\"19 10.43 19 7 15.57 7\" class=\"path\"\/><line x1=\"14.71\" y1=\"11.29\" x2=\"19\" y2=\"7\" class=\"path\"\/><line x1=\"7\" y1=\"19\" x2=\"11.29\" y2=\"14.71\" class=\"path\"\/><\/svg><\/a><\/div><\/div><span class=\"soldout\"><h4>Sold out<\/h4><\/span><a href=\"https:\/\/aliceochoux.com\/en\/products\/les-patisseries-sans-gluten\/tarte-o-citron-meringuee-6-personnes\/\" aria-label=\"Tarte \u00d4 citron meringu\u00e9e (6 personnes)\" tabindex=\"-1\"><span class=\"product-loading-icon added-cart\"><\/span><\/a><\/div><\/div>\n\t<div class=\"desc\">\n\n\t\t\n\t\t<h4 class=\"mfn-woo-product-title\"><a href=\"https:\/\/aliceochoux.com\/en\/products\/les-patisseries-sans-gluten\/tarte-o-citron-meringuee-6-personnes\/\">Tarte \u00d4 citron meringu\u00e9e (6 personnes)<\/a><\/h4>\n\t\t<div class=\"excerpt excerpt-list\"><tbody>\n<tr>\n<td>Une d\u00e9licieuse tarte avec une p\u00e2te sabl\u00e9e croustillante, une cr\u00e8me citron onctueuse et l\u00e9g\u00e8re, une meringue italienne fondante et une gel\u00e9e de citron acidul\u00e9e pour un peps ordinaire !<\/td>\n<\/tr>\n<\/tbody>\n<\/div>\n\t<span class=\"price\"><span class=\"woocommerce-Price-amount amount\"><bdi><span class=\"woocommerce-Price-currencySymbol\">&#36;<\/span>35.00<\/bdi><\/span><\/span>\n<div class=\"mfn-li-product-row mfn-li-product-row-button show-button button-list\"><a href=\"https:\/\/aliceochoux.com\/en\/products\/les-patisseries-sans-gluten\/tarte-o-citron-meringuee-6-personnes\/\" aria-describedby=\"woocommerce_loop_add_to_cart_link_describedby_4439\" data-quantity=\"1\" class=\"button product_type_simple\" data-product_id=\"4439\" data-product_sku=\"\" aria-label=\"Read more about \u201cTarte \u00d4 citron meringu\u00e9e (6 personnes)\u201d\" rel=\"nofollow\" data-success_message=\"\" data-no-translation=\"\" data-trp-gettext=\"\" data-no-translation-aria-label=\"\">Read more<\/a>\t<span id=\"woocommerce_loop_add_to_cart_link_describedby_4439\" class=\"screen-reader-text\">\n\t\t\t<\/span>\n<\/div>\n\t<\/div>\n\n<\/li>\n\n\t<\/ul>\n<\/div><\/div>\t\t\t\t<\/div>\n\t\t\t\t<\/div>\n\t\t\t\t\t<\/div>\n\t\t<\/div>\n\t\t\t\t\t<\/div>\n\t\t<\/section>\n\t\t\t\t\t<\/div>\n\t\t<\/div>\n\t\t\t\t\t<\/div>\n\t\t<\/section>\n\t\t\t\t<\/div>","protected":false},"excerpt":{"rendered":"<p>Choukchouks Le chou \u00e0 la cr\u00e8me, l&rsquo;indispensable pour r\u00e9galer vos papilles ! Le Chou \u00e0 la cr\u00e8me ChouKchouks : une alliance parfaite entre tradition et modernit\u00e9<span class=\"excerpt-hellip\"> [\u2026]<\/span><\/p>","protected":false},"author":32,"featured_media":610,"parent":0,"menu_order":0,"comment_status":"closed","ping_status":"closed","template":"elementor_header_footer","meta":{"footnotes":""},"class_list":["post-371","page","type-page","status-publish","has-post-thumbnail","hentry"],"_hostinger_reach_plugin_has_subscription_block":false,"_hostinger_reach_plugin_is_elementor":false,"_links":{"self":[{"href":"https:\/\/aliceochoux.com\/en\/wp-json\/wp\/v2\/pages\/371","targetHints":{"allow":["GET"]}}],"collection":[{"href":"https:\/\/aliceochoux.com\/en\/wp-json\/wp\/v2\/pages"}],"about":[{"href":"https:\/\/aliceochoux.com\/en\/wp-json\/wp\/v2\/types\/page"}],"author":[{"embeddable":true,"href":"https:\/\/aliceochoux.com\/en\/wp-json\/wp\/v2\/users\/32"}],"replies":[{"embeddable":true,"href":"https:\/\/aliceochoux.com\/en\/wp-json\/wp\/v2\/comments?post=371"}],"version-history":[{"count":91,"href":"https:\/\/aliceochoux.com\/en\/wp-json\/wp\/v2\/pages\/371\/revisions"}],"predecessor-version":[{"id":4415,"href":"https:\/\/aliceochoux.com\/en\/wp-json\/wp\/v2\/pages\/371\/revisions\/4415"}],"wp:featuredmedia":[{"embeddable":true,"href":"https:\/\/aliceochoux.com\/en\/wp-json\/wp\/v2\/media\/610"}],"wp:attachment":[{"href":"https:\/\/aliceochoux.com\/en\/wp-json\/wp\/v2\/media?parent=371"}],"curies":[{"name":"wp","href":"https:\/\/api.w.org\/{rel}","templated":true}]}}