{"id":61,"date":"2019-12-13T14:26:41","date_gmt":"2019-12-13T13:26:41","guid":{"rendered":"https:\/\/themes.muffingroup.com\/be\/ecofood\/index.php\/cart\/"},"modified":"2024-11-07T12:50:30","modified_gmt":"2024-11-07T17:50:30","slug":"cart","status":"publish","type":"page","link":"https:\/\/aliceochoux.com\/en\/cart\/","title":{"rendered":"Cart"},"content":{"rendered":"<div data-elementor-type=\"wp-page\" data-elementor-id=\"61\" class=\"elementor elementor-61\" data-elementor-post-type=\"page\">\n\t\t\t\t\t\t<section class=\"elementor-section elementor-top-section elementor-element elementor-element-c9b1547 elementor-section-height-min-height elementor-section-items-bottom elementor-section-boxed elementor-section-height-default\" data-id=\"c9b1547\" data-element_type=\"section\" data-settings=\"{&quot;background_background&quot;:&quot;classic&quot;}\">\n\t\t\t\t\t\t\t<div class=\"elementor-background-overlay\"><\/div>\n\t\t\t\t\t\t\t<div class=\"elementor-container elementor-column-gap-default\">\n\t\t\t\t\t<div class=\"elementor-column elementor-col-100 elementor-top-column elementor-element elementor-element-71a16a1\" data-id=\"71a16a1\" data-element_type=\"column\">\n\t\t\t<div class=\"elementor-widget-wrap elementor-element-populated\">\n\t\t\t\t\t\t<div class=\"elementor-element elementor-element-e7aef35 elementor-widget elementor-widget-heading\" data-id=\"e7aef35\" data-element_type=\"widget\" data-widget_type=\"heading.default\">\n\t\t\t\t<div class=\"elementor-widget-container\">\n\t\t\t\t\t<h1 class=\"elementor-heading-title elementor-size-default\">Panier<\/h1>\t\t\t\t<\/div>\n\t\t\t\t<\/div>\n\t\t\t\t\t<\/div>\n\t\t<\/div>\n\t\t\t\t\t<\/div>\n\t\t<\/section>\n\t\t\t\t<section class=\"elementor-section elementor-top-section elementor-element elementor-element-07b3c92 elementor-section-boxed elementor-section-height-default elementor-section-height-default\" data-id=\"07b3c92\" data-element_type=\"section\">\n\t\t\t\t\t\t<div class=\"elementor-container elementor-column-gap-default\">\n\t\t\t\t\t<div class=\"elementor-column elementor-col-100 elementor-top-column elementor-element elementor-element-b3720e1\" data-id=\"b3720e1\" data-element_type=\"column\">\n\t\t\t<div class=\"elementor-widget-wrap elementor-element-populated\">\n\t\t\t\t\t\t<div class=\"elementor-element elementor-element-5d6c509 elementor-widget elementor-widget-shortcode\" data-id=\"5d6c509\" data-element_type=\"widget\" data-widget_type=\"shortcode.default\">\n\t\t\t\t<div class=\"elementor-widget-container\">\n\t\t\t\t\t\t\t<div class=\"elementor-shortcode\"><\/div>\n\t\t\t\t\t\t<\/div>\n\t\t\t\t<\/div>\n\t\t\t\t\t<\/div>\n\t\t<\/div>\n\t\t\t\t\t<\/div>\n\t\t<\/section>\n\t\t<div class=\"elementor-element elementor-element-161face e-flex e-con-boxed e-con e-parent\" data-id=\"161face\" data-element_type=\"container\">\n\t\t\t\t\t<div class=\"e-con-inner\">\n\t\t\t\t\t<\/div>\n\t\t\t\t<\/div>\n\t\t\t\t<section class=\"elementor-section elementor-top-section elementor-element elementor-element-8cd200c elementor-section-boxed elementor-section-height-default elementor-section-height-default\" data-id=\"8cd200c\" data-element_type=\"section\" data-settings=\"{&quot;background_background&quot;:&quot;classic&quot;}\">\n\t\t\t\t\t\t<div class=\"elementor-container elementor-column-gap-default\">\n\t\t\t\t\t<div class=\"elementor-column elementor-col-50 elementor-top-column elementor-element elementor-element-a370cea\" data-id=\"a370cea\" data-element_type=\"column\">\n\t\t\t<div class=\"elementor-widget-wrap elementor-element-populated\">\n\t\t\t\t\t\t<div class=\"elementor-element elementor-element-7adf026 elementor-widget elementor-widget-heading\" data-id=\"7adf026\" data-element_type=\"widget\" data-widget_type=\"heading.default\">\n\t\t\t\t<div class=\"elementor-widget-container\">\n\t\t\t\t\t<h5 class=\"elementor-heading-title elementor-size-default\">Follow Alice\u00d4choux on social media<\/h5>\t\t\t\t<\/div>\n\t\t\t\t<\/div>\n\t\t\t\t<div class=\"elementor-element elementor-element-a73e74e elementor-shape-rounded elementor-grid-0 elementor-widget elementor-widget-social-icons\" data-id=\"a73e74e\" data-element_type=\"widget\" data-widget_type=\"social-icons.default\">\n\t\t\t\t<div class=\"elementor-widget-container\">\n\t\t\t\t\t\t\t<div class=\"elementor-social-icons-wrapper elementor-grid\" role=\"list\">\n\t\t\t\t\t\t\t<span class=\"elementor-grid-item\" role=\"listitem\">\n\t\t\t\t\t<a class=\"elementor-icon elementor-social-icon elementor-social-icon-facebook-square elementor-repeater-item-27cfa3a\" href=\"https:\/\/www.facebook.com\/AliceOchoux\" target=\"_blank\" rel=\"noopener\">\n\t\t\t\t\t\t<span class=\"elementor-screen-only\">Facebook-square<\/span>\n\t\t\t\t\t\t<i aria-hidden=\"true\" class=\"fab fa-facebook-square\"><\/i>\t\t\t\t\t<\/a>\n\t\t\t\t<\/span>\n\t\t\t\t\t\t\t<span class=\"elementor-grid-item\" role=\"listitem\">\n\t\t\t\t\t<a class=\"elementor-icon elementor-social-icon elementor-social-icon-instagram elementor-repeater-item-9fad85e\" href=\"https:\/\/www.instagram.com\/AliceOchoux\/\" target=\"_blank\" rel=\"noopener\">\n\t\t\t\t\t\t<span class=\"elementor-screen-only\">Instagram<\/span>\n\t\t\t\t\t\t<i aria-hidden=\"true\" class=\"fab fa-instagram\"><\/i>\t\t\t\t\t<\/a>\n\t\t\t\t<\/span>\n\t\t\t\t\t\t\t<span class=\"elementor-grid-item\" role=\"listitem\">\n\t\t\t\t\t<a class=\"elementor-icon elementor-social-icon elementor-social-icon-tiktok elementor-repeater-item-8d6baf5\" href=\"https:\/\/www.tiktok.com\/@aliceochoux\" target=\"_blank\" rel=\"noopener\">\n\t\t\t\t\t\t<span class=\"elementor-screen-only\">Tiktok<\/span>\n\t\t\t\t\t\t<i aria-hidden=\"true\" class=\"fab fa-tiktok\"><\/i>\t\t\t\t\t<\/a>\n\t\t\t\t<\/span>\n\t\t\t\t\t<\/div>\n\t\t\t\t\t\t<\/div>\n\t\t\t\t<\/div>\n\t\t\t\t<div class=\"elementor-element elementor-element-04816f0 elementor-widget elementor-widget-image\" data-id=\"04816f0\" data-element_type=\"widget\" data-widget_type=\"image.default\">\n\t\t\t\t<div class=\"elementor-widget-container\">\n\t\t\t\t\t\t\t\t\t\t\t\t\t\t\t<img decoding=\"async\" width=\"150\" height=\"49\" src=\"https:\/\/aliceochoux.com\/wp-content\/uploads\/2024\/10\/mtaregion-decouvrez-150x49.png\" class=\"attachment-be_clients size-be_clients wp-image-2569\" alt=\"Alice\u00d4choux I I Desserts P\u00e2tisserie choux \u00e0 la cr\u00e8me\" srcset=\"https:\/\/aliceochoux.com\/wp-content\/uploads\/2024\/10\/mtaregion-decouvrez-150x49.png 150w, https:\/\/aliceochoux.com\/wp-content\/uploads\/2024\/10\/mtaregion-decouvrez-800x259.png 800w, https:\/\/aliceochoux.com\/wp-content\/uploads\/2024\/10\/mtaregion-decouvrez-300x97.png 300w, https:\/\/aliceochoux.com\/wp-content\/uploads\/2024\/10\/mtaregion-decouvrez-1024x332.png 1024w, https:\/\/aliceochoux.com\/wp-content\/uploads\/2024\/10\/mtaregion-decouvrez-768x249.png 768w, https:\/\/aliceochoux.com\/wp-content\/uploads\/2024\/10\/mtaregion-decouvrez-18x6.png 18w, https:\/\/aliceochoux.com\/wp-content\/uploads\/2024\/10\/mtaregion-decouvrez-480x155.png 480w, https:\/\/aliceochoux.com\/wp-content\/uploads\/2024\/10\/mtaregion-decouvrez.png 1334w\" sizes=\"(max-width:767px) 150px, 150px\" title=\"I Alice\u00d4choux I Choux \u00e0 la cr\u00e8me\">\t\t\t\t\t\t\t\t\t\t\t\t\t\t\t<\/div>\n\t\t\t\t<\/div>\n\t\t\t\t<div class=\"elementor-element elementor-element-068ab8c elementor-widget elementor-widget-image\" data-id=\"068ab8c\" data-element_type=\"widget\" data-widget_type=\"image.default\">\n\t\t\t\t<div class=\"elementor-widget-container\">\n\t\t\t\t\t\t\t\t\t\t\t\t\t\t\t<img decoding=\"async\" width=\"150\" height=\"35\" src=\"https:\/\/aliceochoux.com\/wp-content\/uploads\/2024\/10\/Logo_Tourisme_Montreal-150x35.jpeg\" class=\"attachment-be_clients size-be_clients wp-image-2641\" alt=\"Alice\u00d4choux I I Desserts P\u00e2tisserie choux \u00e0 la cr\u00e8me\" srcset=\"https:\/\/aliceochoux.com\/wp-content\/uploads\/2024\/10\/Logo_Tourisme_Montreal-150x35.jpeg 150w, https:\/\/aliceochoux.com\/wp-content\/uploads\/2024\/10\/Logo_Tourisme_Montreal-800x186.jpeg 800w, https:\/\/aliceochoux.com\/wp-content\/uploads\/2024\/10\/Logo_Tourisme_Montreal-300x70.jpeg 300w, https:\/\/aliceochoux.com\/wp-content\/uploads\/2024\/10\/Logo_Tourisme_Montreal-768x178.jpeg 768w, https:\/\/aliceochoux.com\/wp-content\/uploads\/2024\/10\/Logo_Tourisme_Montreal-18x4.jpeg 18w, https:\/\/aliceochoux.com\/wp-content\/uploads\/2024\/10\/Logo_Tourisme_Montreal-480x111.jpeg 480w, https:\/\/aliceochoux.com\/wp-content\/uploads\/2024\/10\/Logo_Tourisme_Montreal.jpeg 901w\" sizes=\"(max-width:767px) 150px, 150px\" title=\"I Alice\u00d4choux I Choux \u00e0 la cr\u00e8me\">\t\t\t\t\t\t\t\t\t\t\t\t\t\t\t<\/div>\n\t\t\t\t<\/div>\n\t\t\t\t\t<\/div>\n\t\t<\/div>\n\t\t\t\t<div class=\"elementor-column elementor-col-50 elementor-top-column elementor-element elementor-element-3d1434f elementor-hidden-mobile\" data-id=\"3d1434f\" data-element_type=\"column\">\n\t\t\t<div class=\"elementor-widget-wrap elementor-element-populated\">\n\t\t\t\t\t\t<div class=\"elementor-element elementor-element-f04baf0 elementor-widget elementor-widget-image\" data-id=\"f04baf0\" data-element_type=\"widget\" data-widget_type=\"image.default\">\n\t\t\t\t<div class=\"elementor-widget-container\">\n\t\t\t\t\t\t\t\t\t\t\t\t\t\t\t<img fetchpriority=\"high\" decoding=\"async\" width=\"300\" height=\"240\" src=\"https:\/\/aliceochoux.com\/wp-content\/uploads\/2024\/10\/RestaurantGuru_Certificate18-300x240.png\" class=\"attachment-medium size-medium wp-image-2278\" alt=\"Alice\u00d4choux I I Desserts P\u00e2tisserie choux \u00e0 la cr\u00e8me\" srcset=\"https:\/\/aliceochoux.com\/wp-content\/uploads\/2024\/10\/RestaurantGuru_Certificate18-300x240.png 300w, https:\/\/aliceochoux.com\/wp-content\/uploads\/2024\/10\/RestaurantGuru_Certificate18-800x640.png 800w, https:\/\/aliceochoux.com\/wp-content\/uploads\/2024\/10\/RestaurantGuru_Certificate18-1024x819.png 1024w, https:\/\/aliceochoux.com\/wp-content\/uploads\/2024\/10\/RestaurantGuru_Certificate18-768x614.png 768w, https:\/\/aliceochoux.com\/wp-content\/uploads\/2024\/10\/RestaurantGuru_Certificate18-1536x1229.png 1536w, https:\/\/aliceochoux.com\/wp-content\/uploads\/2024\/10\/RestaurantGuru_Certificate18-2048x1638.png 2048w, https:\/\/aliceochoux.com\/wp-content\/uploads\/2024\/10\/RestaurantGuru_Certificate18-15x12.png 15w, https:\/\/aliceochoux.com\/wp-content\/uploads\/2024\/10\/RestaurantGuru_Certificate18-94x75.png 94w, https:\/\/aliceochoux.com\/wp-content\/uploads\/2024\/10\/RestaurantGuru_Certificate18-480x384.png 480w\" sizes=\"(max-width:767px) 300px, 300px\" title=\"I Alice\u00d4choux I Choux \u00e0 la cr\u00e8me\">\t\t\t\t\t\t\t\t\t\t\t\t\t\t\t<\/div>\n\t\t\t\t<\/div>\n\t\t\t\t\t<\/div>\n\t\t<\/div>\n\t\t\t\t\t<\/div>\n\t\t<\/section>\n\t\t\t\t<\/div>","protected":false},"excerpt":{"rendered":"<p>Panier Suivez Alice\u00d4choux sur les r\u00e9seau sociaux Facebook-square Instagram Tiktok<\/p>","protected":false},"author":32,"featured_media":0,"parent":0,"menu_order":0,"comment_status":"closed","ping_status":"closed","template":"elementor_header_footer","meta":{"footnotes":""},"class_list":["post-61","page","type-page","status-publish","hentry"],"_hostinger_reach_plugin_has_subscription_block":false,"_hostinger_reach_plugin_is_elementor":false,"_links":{"self":[{"href":"https:\/\/aliceochoux.com\/en\/wp-json\/wp\/v2\/pages\/61","targetHints":{"allow":["GET"]}}],"collection":[{"href":"https:\/\/aliceochoux.com\/en\/wp-json\/wp\/v2\/pages"}],"about":[{"href":"https:\/\/aliceochoux.com\/en\/wp-json\/wp\/v2\/types\/page"}],"author":[{"embeddable":true,"href":"https:\/\/aliceochoux.com\/en\/wp-json\/wp\/v2\/users\/32"}],"replies":[{"embeddable":true,"href":"https:\/\/aliceochoux.com\/en\/wp-json\/wp\/v2\/comments?post=61"}],"version-history":[{"count":6,"href":"https:\/\/aliceochoux.com\/en\/wp-json\/wp\/v2\/pages\/61\/revisions"}],"predecessor-version":[{"id":3135,"href":"https:\/\/aliceochoux.com\/en\/wp-json\/wp\/v2\/pages\/61\/revisions\/3135"}],"wp:attachment":[{"href":"https:\/\/aliceochoux.com\/en\/wp-json\/wp\/v2\/media?parent=61"}],"curies":[{"name":"wp","href":"https:\/\/api.w.org\/{rel}","templated":true}]}}