{"id":8,"date":"2019-12-12T11:36:17","date_gmt":"2019-12-12T10:36:17","guid":{"rendered":"https:\/\/themes.muffingroup.com\/be\/ecofood\/?page_id=8"},"modified":"2025-10-03T23:33:30","modified_gmt":"2025-10-04T03:33:30","slug":"notre-histoire","status":"publish","type":"page","link":"https:\/\/aliceochoux.com\/en\/notre-histoire\/","title":{"rendered":"Our story"},"content":{"rendered":"<div data-elementor-type=\"wp-page\" data-elementor-id=\"8\" class=\"elementor elementor-8\" data-elementor-post-type=\"page\">\n\t\t\t\t\t\t<section class=\"elementor-section elementor-top-section elementor-element elementor-element-0ae05ee elementor-section-height-min-height elementor-section-items-bottom elementor-section-boxed elementor-section-height-default\" data-id=\"0ae05ee\" data-element_type=\"section\" data-settings=\"{&quot;background_background&quot;:&quot;classic&quot;}\">\n\t\t\t\t\t\t\t<div class=\"elementor-background-overlay\"><\/div>\n\t\t\t\t\t\t\t<div class=\"elementor-container elementor-column-gap-default\">\n\t\t\t\t\t<div class=\"elementor-column elementor-col-100 elementor-top-column elementor-element elementor-element-bd86915\" data-id=\"bd86915\" data-element_type=\"column\">\n\t\t\t<div class=\"elementor-widget-wrap elementor-element-populated\">\n\t\t\t\t\t\t<div class=\"elementor-element elementor-element-45610a9 elementor-widget elementor-widget-heading\" data-id=\"45610a9\" data-element_type=\"widget\" data-widget_type=\"heading.default\">\n\t\t\t\t<div class=\"elementor-widget-container\">\n\t\t\t\t\t<h2 class=\"elementor-heading-title elementor-size-default\">Our story<\/h2>\t\t\t\t<\/div>\n\t\t\t\t<\/div>\n\t\t\t\t\t<\/div>\n\t\t<\/div>\n\t\t\t\t\t<\/div>\n\t\t<\/section>\n\t\t\t\t<section class=\"elementor-section elementor-top-section elementor-element elementor-element-57cd425 elementor-section-content-middle elementor-reverse-mobile elementor-section-boxed elementor-section-height-default elementor-section-height-default\" data-id=\"57cd425\" data-element_type=\"section\">\n\t\t\t\t\t\t<div class=\"elementor-container elementor-column-gap-default\">\n\t\t\t\t\t<div class=\"elementor-column elementor-col-66 elementor-top-column elementor-element elementor-element-23f7ed1\" data-id=\"23f7ed1\" data-element_type=\"column\">\n\t\t\t<div class=\"elementor-widget-wrap elementor-element-populated\">\n\t\t\t\t\t\t<div class=\"elementor-element elementor-element-f8df22e elementor-widget elementor-widget-heading\" data-id=\"f8df22e\" data-element_type=\"widget\" data-widget_type=\"heading.default\">\n\t\t\t\t<div class=\"elementor-widget-container\">\n\t\t\t\t\t<h1 class=\"elementor-heading-title elementor-size-default\">The taste of happiness!<\/h1>\t\t\t\t<\/div>\n\t\t\t\t<\/div>\n\t\t\t\t<div class=\"elementor-element elementor-element-41acf8a elementor-widget elementor-widget-heading\" data-id=\"41acf8a\" data-element_type=\"widget\" data-widget_type=\"heading.default\">\n\t\t\t\t<div class=\"elementor-widget-container\">\n\t\t\t\t\t<p class=\"elementor-heading-title elementor-size-default\">\"At Alice\u00d4choux, we have a simple yet profound ambition: to create happiness. <br>Through our indulgent pastries and comforting cr\u00eapes, we blend French tradition with artisanal creativity to offer more than just unique flavors <br>: moments of shared joy!<br>\n<br>With passion, we share our love for simple pleasures and extraordinary moments, bringing food enthusiasts together for a warm, authentic, and memorable experience.\"<\/p>\t\t\t\t<\/div>\n\t\t\t\t<\/div>\n\t\t\t\t<div class=\"elementor-element elementor-element-d60a726 elementor-widget elementor-widget-button\" data-id=\"d60a726\" data-element_type=\"widget\" data-widget_type=\"button.default\">\n\t\t\t\t<div class=\"elementor-widget-container\">\n\t\t\t\t\t\t\t\t\t<div class=\"elementor-button-wrapper\">\n\t\t\t\t\t<a class=\"elementor-button elementor-button-link elementor-size-sm\" href=\"https:\/\/aliceochoux.com\/boutique-en-ligne\/\">\n\t\t\t\t\t\t<span class=\"elementor-button-content-wrapper\">\n\t\t\t\t\t\t\t\t\t<span class=\"elementor-button-text\">Order<\/span>\n\t\t\t\t\t<\/span>\n\t\t\t\t\t<\/a>\n\t\t\t\t<\/div>\n\t\t\t\t\t\t\t\t<\/div>\n\t\t\t\t<\/div>\n\t\t\t\t\t<\/div>\n\t\t<\/div>\n\t\t\t\t<div class=\"elementor-column elementor-col-33 elementor-top-column elementor-element elementor-element-20c4c07\" data-id=\"20c4c07\" data-element_type=\"column\">\n\t\t\t<div class=\"elementor-widget-wrap elementor-element-populated\">\n\t\t\t\t\t\t<div class=\"elementor-element elementor-element-0d0b0ea elementor-widget elementor-widget-image\" data-id=\"0d0b0ea\" data-element_type=\"widget\" data-widget_type=\"image.default\">\n\t\t\t\t<div class=\"elementor-widget-container\">\n\t\t\t\t\t\t\t\t\t\t\t\t\t\t\t<img fetchpriority=\"high\" decoding=\"async\" width=\"1152\" height=\"1536\" src=\"https:\/\/aliceochoux.com\/wp-content\/uploads\/2024\/11\/1-1152x1536.png\" class=\"attachment-1536x1536 size-1536x1536 wp-image-3217\" alt=\"Alice\u00d4choux I I Desserts P\u00e2tisserie choux \u00e0 la cr\u00e8me\" srcset=\"https:\/\/aliceochoux.com\/wp-content\/uploads\/2024\/11\/1-1152x1536.png 1152w, https:\/\/aliceochoux.com\/wp-content\/uploads\/2024\/11\/1-800x1067.png 800w, https:\/\/aliceochoux.com\/wp-content\/uploads\/2024\/11\/1-225x300.png 225w, https:\/\/aliceochoux.com\/wp-content\/uploads\/2024\/11\/1-768x1024.png 768w, https:\/\/aliceochoux.com\/wp-content\/uploads\/2024\/11\/1-1536x2048.png 1536w, https:\/\/aliceochoux.com\/wp-content\/uploads\/2024\/11\/1-9x12.png 9w, https:\/\/aliceochoux.com\/wp-content\/uploads\/2024\/11\/1-56x75.png 56w, https:\/\/aliceochoux.com\/wp-content\/uploads\/2024\/11\/1-480x640.png 480w, https:\/\/aliceochoux.com\/wp-content\/uploads\/2024\/11\/elementor\/thumbs\/1-qxotbr0ap4lzqs0x10l8hs8m6tqb4s0l67i38bw1rk.png 450w, https:\/\/aliceochoux.com\/wp-content\/uploads\/2024\/11\/1.png 1728w\" sizes=\"(max-width:767px) 480px, (max-width:1152px) 100vw, 1152px\" title=\"I Alice\u00d4choux I Choux \u00e0 la cr\u00e8me\">\t\t\t\t\t\t\t\t\t\t\t\t\t\t\t<\/div>\n\t\t\t\t<\/div>\n\t\t\t\t\t<\/div>\n\t\t<\/div>\n\t\t\t\t\t<\/div>\n\t\t<\/section>\n\t\t<div class=\"elementor-element elementor-element-b4f6f6c e-flex e-con-boxed e-con e-parent\" data-id=\"b4f6f6c\" data-element_type=\"container\">\n\t\t\t\t\t<div class=\"e-con-inner\">\n\t\t\t\t<div class=\"elementor-element elementor-element-0d48f29 elementor-widget elementor-widget-heading\" data-id=\"0d48f29\" data-element_type=\"widget\" data-widget_type=\"heading.default\">\n\t\t\t\t<div class=\"elementor-widget-container\">\n\t\t\t\t\t<h2 class=\"elementor-heading-title elementor-size-default\">Our Values<\/h2>\t\t\t\t<\/div>\n\t\t\t\t<\/div>\n\t\t\t\t\t<\/div>\n\t\t\t\t<\/div>\n\t\t<div class=\"elementor-element elementor-element-3c90a39 e-flex e-con-boxed e-con e-parent\" data-id=\"3c90a39\" data-element_type=\"container\">\n\t\t\t\t\t<div class=\"e-con-inner\">\n\t\t\t\t<div class=\"elementor-element elementor-element-21f434e elementor-widget elementor-widget-text-editor\" data-id=\"21f434e\" data-element_type=\"widget\" data-widget_type=\"text-editor.default\">\n\t\t\t\t<div class=\"elementor-widget-container\">\n\t\t\t\t\t\t\t\t\t<ul><li><strong>Creativity &amp; Innovation<\/strong> : We reinvent choux pastry with modern, personalized, and bold creations, inspired by trends and seasons.<\/li><li><strong>Pleasure &amp; Joy of Living<\/strong> : Each pastry is designed to bring a moment of happiness, indulgent delight, and lightness, with a touch of humor.<\/li><li><strong>Commitment &amp; Loyalty<\/strong> : We remain true to our human values, our local suppliers, and our customers to ensure high-quality products and a memorable experience.<\/li><li><strong>Respect for the Planet<\/strong> We prioritize eco-friendly practices, from selecting local ingredients to reducing waste, in order to minimize our environmental impact.<\/li><\/ul>\t\t\t\t\t\t\t\t<\/div>\n\t\t\t\t<\/div>\n\t\t\t\t\t<\/div>\n\t\t\t\t<\/div>\n\t\t\t\t<section class=\"elementor-section elementor-top-section elementor-element elementor-element-722e0b2 elementor-section-content-middle elementor-reverse-mobile elementor-section-boxed elementor-section-height-default elementor-section-height-default\" data-id=\"722e0b2\" data-element_type=\"section\">\n\t\t\t\t\t\t<div class=\"elementor-container elementor-column-gap-default\">\n\t\t\t\t\t<div class=\"elementor-column elementor-col-66 elementor-top-column elementor-element elementor-element-1fd33a7\" data-id=\"1fd33a7\" data-element_type=\"column\">\n\t\t\t<div class=\"elementor-widget-wrap elementor-element-populated\">\n\t\t\t\t\t\t<div class=\"elementor-element elementor-element-3267a75 elementor-widget elementor-widget-heading\" data-id=\"3267a75\" data-element_type=\"widget\" data-widget_type=\"heading.default\">\n\t\t\t\t<div class=\"elementor-widget-container\">\n\t\t\t\t\t<h1 class=\"elementor-heading-title elementor-size-default\">The pastry chef behind this delicious dessert, <br>the cream puff ! <\/h1>\t\t\t\t<\/div>\n\t\t\t\t<\/div>\n\t\t\t\t<div class=\"elementor-element elementor-element-e6cd2ea elementor-widget elementor-widget-heading\" data-id=\"e6cd2ea\" data-element_type=\"widget\" data-widget_type=\"heading.default\">\n\t\t\t\t<div class=\"elementor-widget-container\">\n\t\t\t\t\t<p class=\"elementor-heading-title elementor-size-default\">I grew up in France, specifically in Brittany and \u00cele-de-France, where I\nstudied cooking and pastry making. My experiences around the world have\nexpanded my vision of modern pastry making. Being naturally indulgent\nand loving to please, I decided to create a place that reflects these values,\noffering you delicious and tasty desserts.<\/p>\t\t\t\t<\/div>\n\t\t\t\t<\/div>\n\t\t\t\t<div class=\"elementor-element elementor-element-0e531c6 elementor-align-justify elementor-widget elementor-widget-button\" data-id=\"0e531c6\" data-element_type=\"widget\" data-widget_type=\"button.default\">\n\t\t\t\t<div class=\"elementor-widget-container\">\n\t\t\t\t\t\t\t\t\t<div class=\"elementor-button-wrapper\">\n\t\t\t\t\t<a class=\"elementor-button elementor-button-link elementor-size-sm\" href=\"https:\/\/aliceochoux.com\/boutique-en-ligne\/\">\n\t\t\t\t\t\t<span class=\"elementor-button-content-wrapper\">\n\t\t\t\t\t\t\t\t\t<span class=\"elementor-button-text\">Faites votre commande<\/span>\n\t\t\t\t\t<\/span>\n\t\t\t\t\t<\/a>\n\t\t\t\t<\/div>\n\t\t\t\t\t\t\t\t<\/div>\n\t\t\t\t<\/div>\n\t\t\t\t\t<\/div>\n\t\t<\/div>\n\t\t\t\t<div class=\"elementor-column elementor-col-33 elementor-top-column elementor-element elementor-element-5c10a28\" data-id=\"5c10a28\" data-element_type=\"column\">\n\t\t\t<div class=\"elementor-widget-wrap elementor-element-populated\">\n\t\t\t\t\t\t<div class=\"elementor-element elementor-element-cf508be elementor-widget elementor-widget-image\" data-id=\"cf508be\" data-element_type=\"widget\" data-widget_type=\"image.default\">\n\t\t\t\t<div class=\"elementor-widget-container\">\n\t\t\t\t\t\t\t\t\t\t\t\t\t\t\t<img decoding=\"async\" width=\"599\" height=\"815\" src=\"https:\/\/aliceochoux.com\/wp-content\/uploads\/2023\/03\/img-1.jpg\" class=\"attachment-full size-full wp-image-994\" alt=\"Alice\u00d4choux I I Desserts P\u00e2tisserie choux \u00e0 la cr\u00e8me\" srcset=\"https:\/\/aliceochoux.com\/wp-content\/uploads\/2023\/03\/img-1.jpg 599w, https:\/\/aliceochoux.com\/wp-content\/uploads\/2023\/03\/img-1-220x300.jpg 220w, https:\/\/aliceochoux.com\/wp-content\/uploads\/2023\/03\/img-1-9x12.jpg 9w, https:\/\/aliceochoux.com\/wp-content\/uploads\/2023\/03\/img-1-107x146.jpg 107w, https:\/\/aliceochoux.com\/wp-content\/uploads\/2023\/03\/img-1-37x50.jpg 37w, https:\/\/aliceochoux.com\/wp-content\/uploads\/2023\/03\/img-1-55x75.jpg 55w\" sizes=\"(max-width:767px) 480px, 599px\" title=\"I Alice\u00d4choux I Choux \u00e0 la cr\u00e8me\">\t\t\t\t\t\t\t\t\t\t\t\t\t\t\t<\/div>\n\t\t\t\t<\/div>\n\t\t\t\t\t<\/div>\n\t\t<\/div>\n\t\t\t\t\t<\/div>\n\t\t<\/section>\n\t\t\t\t<\/div>","protected":false},"excerpt":{"rendered":"<p>Notre histoire Le go\u00fbt du bonheur ! \u00ab\u00a0Chez Alice\u00d4choux, nous avons une ambition simple mais profonde : cr\u00e9er du bonheur. \u00c0 travers nos p\u00e2tisseries gourmandes et<span class=\"excerpt-hellip\"> [\u2026]<\/span><\/p>","protected":false},"author":32,"featured_media":995,"parent":0,"menu_order":0,"comment_status":"closed","ping_status":"closed","template":"elementor_header_footer","meta":{"footnotes":""},"class_list":["post-8","page","type-page","status-publish","has-post-thumbnail","hentry"],"_hostinger_reach_plugin_has_subscription_block":false,"_hostinger_reach_plugin_is_elementor":false,"_links":{"self":[{"href":"https:\/\/aliceochoux.com\/en\/wp-json\/wp\/v2\/pages\/8","targetHints":{"allow":["GET"]}}],"collection":[{"href":"https:\/\/aliceochoux.com\/en\/wp-json\/wp\/v2\/pages"}],"about":[{"href":"https:\/\/aliceochoux.com\/en\/wp-json\/wp\/v2\/types\/page"}],"author":[{"embeddable":true,"href":"https:\/\/aliceochoux.com\/en\/wp-json\/wp\/v2\/users\/32"}],"replies":[{"embeddable":true,"href":"https:\/\/aliceochoux.com\/en\/wp-json\/wp\/v2\/comments?post=8"}],"version-history":[{"count":96,"href":"https:\/\/aliceochoux.com\/en\/wp-json\/wp\/v2\/pages\/8\/revisions"}],"predecessor-version":[{"id":4087,"href":"https:\/\/aliceochoux.com\/en\/wp-json\/wp\/v2\/pages\/8\/revisions\/4087"}],"wp:featuredmedia":[{"embeddable":true,"href":"https:\/\/aliceochoux.com\/en\/wp-json\/wp\/v2\/media\/995"}],"wp:attachment":[{"href":"https:\/\/aliceochoux.com\/en\/wp-json\/wp\/v2\/media?parent=8"}],"curies":[{"name":"wp","href":"https:\/\/api.w.org\/{rel}","templated":true}]}}