{"id":2102,"date":"2024-10-04T15:19:17","date_gmt":"2024-10-04T19:19:17","guid":{"rendered":"https:\/\/aliceochoux.com\/?post_type=product&#038;p=2102"},"modified":"2025-11-25T00:43:37","modified_gmt":"2025-11-25T05:43:37","slug":"choukchouk","status":"publish","type":"product","link":"https:\/\/aliceochoux.com\/en\/products\/choux-a-la-creme\/choukchouk\/","title":{"rendered":"Les ChouKchouKs"},"content":{"rendered":"<p>Les ChouKchouKs sont des chouquettes garnies de cr\u00e8me d\u00e9licieuse et fondante en bouche.<\/p>\n<table>\n<thead>\n<tr>\n<td><strong>Saveur (2 saveurs par bo\u00eete)<\/strong><\/td>\n<\/tr>\n<\/thead>\n<tbody>\n<tr>\n<td><strong>Chantilly-Vanille<\/strong><\/td>\n<\/tr>\n<tr>\n<td><strong>Caramel<\/strong><\/td>\n<\/tr>\n<\/tbody>\n<\/table>\n<p><strong>\u00a0<\/strong><\/p>","protected":false},"excerpt":{"rendered":"<p>Les ChouKchouKs sont des chouquettes garnies de cr\u00e8me d\u00e9licieuse et fondante en bouche. Saveur (2 saveurs par bo\u00eete) Chantilly-Vanille Caramel \u00a0<\/p>","protected":false},"featured_media":2061,"comment_status":"closed","ping_status":"closed","template":"","meta":[],"product_brand":[],"product_cat":[61],"product_tag":[],"class_list":{"0":"post-2102","1":"product","2":"type-product","3":"status-publish","4":"has-post-thumbnail","6":"product_cat-choux-a-la-creme","8":"first","9":"outofstock","10":"purchasable","11":"product-type-variable","12":"has-default-attributes"},"_links":{"self":[{"href":"https:\/\/aliceochoux.com\/en\/wp-json\/wp\/v2\/product\/2102","targetHints":{"allow":["GET"]}}],"collection":[{"href":"https:\/\/aliceochoux.com\/en\/wp-json\/wp\/v2\/product"}],"about":[{"href":"https:\/\/aliceochoux.com\/en\/wp-json\/wp\/v2\/types\/product"}],"replies":[{"embeddable":true,"href":"https:\/\/aliceochoux.com\/en\/wp-json\/wp\/v2\/comments?post=2102"}],"version-history":[{"count":5,"href":"https:\/\/aliceochoux.com\/en\/wp-json\/wp\/v2\/product\/2102\/revisions"}],"predecessor-version":[{"id":4516,"href":"https:\/\/aliceochoux.com\/en\/wp-json\/wp\/v2\/product\/2102\/revisions\/4516"}],"wp:featuredmedia":[{"embeddable":true,"href":"https:\/\/aliceochoux.com\/en\/wp-json\/wp\/v2\/media\/2061"}],"wp:attachment":[{"href":"https:\/\/aliceochoux.com\/en\/wp-json\/wp\/v2\/media?parent=2102"}],"wp:term":[{"taxonomy":"product_brand","embeddable":true,"href":"https:\/\/aliceochoux.com\/en\/wp-json\/wp\/v2\/product_brand?post=2102"},{"taxonomy":"product_cat","embeddable":true,"href":"https:\/\/aliceochoux.com\/en\/wp-json\/wp\/v2\/product_cat?post=2102"},{"taxonomy":"product_tag","embeddable":true,"href":"https:\/\/aliceochoux.com\/en\/wp-json\/wp\/v2\/product_tag?post=2102"}],"curies":[{"name":"wp","href":"https:\/\/api.w.org\/{rel}","templated":true}]}}