{"id":3181,"date":"2024-11-23T15:39:27","date_gmt":"2024-11-23T20:39:27","guid":{"rendered":"https:\/\/aliceochoux.com\/?post_type=product&#038;p=3181"},"modified":"2025-11-25T00:41:28","modified_gmt":"2025-11-25T05:41:28","slug":"cheesecake-8-personnes","status":"publish","type":"product","link":"https:\/\/aliceochoux.com\/en\/products\/les-patisseries-sans-gluten\/cheesecake-8-personnes\/","title":{"rendered":"Cheesecake (8 personnes)"},"content":{"rendered":"<p>Garnis selon la disponibilit\u00e9 des produits de saison. \u00c9t\u00e9 : Fruits rouges. Hiver : Pacanes caramel.<\/p>","protected":false},"excerpt":{"rendered":"<p>Comforting and Addictive !<\/p>\n<p><em>P\u00e2te Sucr\u00e9e sans Gluten, mousse au fromage, Pacanes &amp; Caramel maison<\/em><\/p>","protected":false},"featured_media":3178,"comment_status":"closed","ping_status":"closed","template":"","meta":[],"product_brand":[],"product_cat":[62],"product_tag":[],"class_list":{"0":"post-3181","1":"product","2":"type-product","3":"status-publish","4":"has-post-thumbnail","6":"product_cat-les-patisseries-sans-gluten","8":"first","9":"outofstock","10":"purchasable","11":"product-type-simple"},"_links":{"self":[{"href":"https:\/\/aliceochoux.com\/en\/wp-json\/wp\/v2\/product\/3181","targetHints":{"allow":["GET"]}}],"collection":[{"href":"https:\/\/aliceochoux.com\/en\/wp-json\/wp\/v2\/product"}],"about":[{"href":"https:\/\/aliceochoux.com\/en\/wp-json\/wp\/v2\/types\/product"}],"replies":[{"embeddable":true,"href":"https:\/\/aliceochoux.com\/en\/wp-json\/wp\/v2\/comments?post=3181"}],"version-history":[{"count":4,"href":"https:\/\/aliceochoux.com\/en\/wp-json\/wp\/v2\/product\/3181\/revisions"}],"predecessor-version":[{"id":4502,"href":"https:\/\/aliceochoux.com\/en\/wp-json\/wp\/v2\/product\/3181\/revisions\/4502"}],"wp:featuredmedia":[{"embeddable":true,"href":"https:\/\/aliceochoux.com\/en\/wp-json\/wp\/v2\/media\/3178"}],"wp:attachment":[{"href":"https:\/\/aliceochoux.com\/en\/wp-json\/wp\/v2\/media?parent=3181"}],"wp:term":[{"taxonomy":"product_brand","embeddable":true,"href":"https:\/\/aliceochoux.com\/en\/wp-json\/wp\/v2\/product_brand?post=3181"},{"taxonomy":"product_cat","embeddable":true,"href":"https:\/\/aliceochoux.com\/en\/wp-json\/wp\/v2\/product_cat?post=3181"},{"taxonomy":"product_tag","embeddable":true,"href":"https:\/\/aliceochoux.com\/en\/wp-json\/wp\/v2\/product_tag?post=3181"}],"curies":[{"name":"wp","href":"https:\/\/api.w.org\/{rel}","templated":true}]}}