{"id":3562,"date":"2025-01-09T16:04:31","date_gmt":"2025-01-09T21:04:31","guid":{"rendered":"https:\/\/aliceochoux.com\/?post_type=product&#038;p=3562"},"modified":"2025-11-25T00:40:44","modified_gmt":"2025-11-25T05:40:44","slug":"pyramide-de-choux","status":"publish","type":"product","link":"https:\/\/aliceochoux.com\/en\/products\/gateaux-festifs\/pyramide-de-choux\/","title":{"rendered":"Pyramide de choux"},"content":{"rendered":"<div class=\"elementor-element elementor-element-f9bc81c elementor-widget elementor-widget-heading\" data-id=\"f9bc81c\" data-element_type=\"widget\" data-widget_type=\"heading.default\">\n<div class=\"elementor-widget-container\">\n<h2 class=\"elementor-heading-title elementor-size-default\">Choux glac\u00e9s au caramel et\/ou au sucre perl\u00e9, jusqu&rsquo;\u00e0 2 parfums parmi : Vanille, chocolat, caf\u00e9, ananas, caramel, Fraise ou cannelle + une plaque manuscrite et quelques \u00e9l\u00e9ments de d\u00e9cors en sucre.<\/h2>\n<\/div>\n<\/div>\n<div class=\"elementor-element elementor-element-9e9ef1b elementor-widget elementor-widget-text-editor\" data-id=\"9e9ef1b\" data-element_type=\"widget\" data-widget_type=\"text-editor.default\">\n<div class=\"elementor-widget-container\">\n<ul>\n<li>100 choux : 450$ (Taille : environ 27\u2033\/70 cm)<\/li>\n<li>150 choux avec 3 plaques de nougatine : 790$<\/li>\n<li>200 choux avec 3-4 plaques de nougatine : 1070$<\/li>\n<li>250 choux with 3-4 nougatine sheets : 1430$<\/li>\n<li>300 choux with 4-5 nougatine sheets : 1750$<\/li>\n<\/ul>\n<\/div>\n<\/div>\n<div class=\"elementor-element elementor-element-3446e03 elementor-widget elementor-widget-text-editor\" data-id=\"3446e03\" data-element_type=\"widget\" data-widget_type=\"text-editor.default\">\n<div class=\"elementor-widget-container\">\n<p>Pour les allergies aux noix, la nougatine peut \u00eatre r\u00e9alis\u00e9e avec des graines de s\u00e9same (\u00e0 nous pr\u00e9ciser lors de la commande).<\/p>\n<p>-Plaques de nougatine suppl\u00e9mentaires : 30$ chaque.<\/p>\n<p>-Bo\u00eete de transport SUR-MESURE en option : 45$ (+ taxes)<\/p>\n<p>++ Toutes les pyramides sont taxes incluses ++<\/p>\n<p>&nbsp;<\/p>\n<\/div>\n<\/div>\n<div class=\"elementor-element elementor-element-25d53ba elementor-widget elementor-widget-heading\" data-id=\"25d53ba\" data-element_type=\"widget\" data-widget_type=\"heading.default\">\n<div class=\"elementor-widget-container\">\n<h2 class=\"elementor-heading-title elementor-size-default\">Decor options<\/h2>\n<\/div>\n<\/div>\n<div class=\"elementor-element elementor-element-3952c40 elementor-widget elementor-widget-text-editor\" data-id=\"3952c40\" data-element_type=\"widget\" data-widget_type=\"text-editor.default\">\n<div class=\"elementor-widget-container\">\n<ul>\n<li><strong>Accord floral<\/strong>\u00a0: Fleurs naturelles aux couleurs du th\u00e8me de l\u2019\u00e9v\u00e9nement + Fleurs en sucre d\u00e9cors + feuilles de plantes en sucre d\u00e9cors et\/ou naturelles\u2026\u00a0 : 150$<\/li>\n<li><strong>\u00c9l\u00e9ments de d\u00e9cors en extra<\/strong>\u00a0: \u00c9lanc\u00e9 de sucre + formes sp\u00e9cifiques en sucre, tels que des c\u0153urs , papillons, des opalines\u2026(N\u2019h\u00e9sitez pas \u00e0 nous communiquer vos pr\u00e9f\u00e9rences\u2026)\u00a0 : 90$<\/li>\n<li><strong>D\u00e9cors en nougatine en extra<\/strong>\u00a0: \u00c9lanc\u00e9 en nougatine + formes sp\u00e9cifiques telles que des triangles courb\u00e9s,\u00a0 des c\u0153urs, des ronds, des fleurs en nougatine\u2026 (N\u2019h\u00e9sitez pas \u00e0 nous communiquer vos pr\u00e9f\u00e9rences\u2026) : 150$ et 90$ pour les pi\u00e8ces de petites tailles jusqu\u2019\u00e0 60 choux.<\/li>\n<\/ul>\n<div><em>Pour les d\u00e9cors en sucre les mati\u00e8res utilis\u00e9s peuvent \u00eatre du pastillage, de la p\u00e2te \u00e0 sucre et du sucre d\u2019art tir\u00e9.<\/em><\/div>\n<\/div>\n<div>\n<div class=\"elementor-element elementor-element-3de657e e-flex e-con-boxed e-con e-parent e-lazyloaded\" data-id=\"3de657e\" data-element_type=\"container\">\n<div class=\"e-con-inner\">\n<div class=\"elementor-element elementor-element-b677c9b elementor-widget elementor-widget-text-editor\" data-id=\"b677c9b\" data-element_type=\"widget\" data-widget_type=\"text-editor.default\">\n<div class=\"elementor-widget-container\">\n<p><strong>Pour toute commande de pyramides de choux, un d\u00e9lai minimum de 72 heures est requis, et pour les pyramides avec supports en polystyr\u00e8ne,\u00a0<\/strong><strong>merci de pr\u00e9voir au moins 10 jours \u00e0 l\u2019avance. Nous vous remercions de votre compr\u00e9hension ! \ud83d\ude42<\/strong><\/p>\n<\/div>\n<\/div>\n<\/div>\n<\/div>\n<section class=\"elementor-section elementor-top-section elementor-element elementor-element-ccbb231 elementor-section-boxed elementor-section-height-default elementor-section-height-default\" data-id=\"ccbb231\" data-element_type=\"section\">\n<div class=\"elementor-container elementor-column-gap-default\">\n<div class=\"elementor-column elementor-col-100 elementor-top-column elementor-element elementor-element-2ed658a\" data-id=\"2ed658a\" data-element_type=\"column\">\n<div class=\"elementor-widget-wrap elementor-element-populated\">\n<div class=\"elementor-element elementor-element-8ac35d7 elementor-widget elementor-widget-spacer\" data-id=\"8ac35d7\" data-element_type=\"widget\" data-widget_type=\"spacer.default\">\n<div class=\"elementor-widget-container\">\n<div class=\"elementor-spacer\"><\/div>\n<\/div>\n<\/div>\n<\/div>\n<\/div>\n<\/div>\n<\/section>\n<\/div>\n<\/div>","protected":false},"excerpt":{"rendered":"<h5>Lors de votre commande, merci de pr\u00e9ciser les saveurs (jusqu\u2019\u00e0 3 maximum: Vanille, chocolat, ananas, caf\u00e9, Fraise, caramel ou cannelle) ainsi que la d\u00e9coration que vous souhaitez pour votre pyramide (couleurs, fleurs, nougatine&#8230;).<br \/>\n+ une plaque manuscrite, petites fleurs en sucre blanc et sucre fil\u00e9 en d\u00e9cors (avec ou sans support polystyr\u00e8ne \u00e0 pr\u00e9ciser lors de la commande)<\/h5>","protected":false},"featured_media":4387,"comment_status":"closed","ping_status":"closed","template":"","meta":[],"product_brand":[],"product_cat":[63],"product_tag":[],"class_list":{"0":"post-3562","1":"product","2":"type-product","3":"status-publish","4":"has-post-thumbnail","6":"product_cat-gateaux-festifs","8":"first","9":"outofstock","10":"taxable","11":"shipping-taxable","12":"purchasable","13":"product-type-variable","14":"has-default-attributes"},"_links":{"self":[{"href":"https:\/\/aliceochoux.com\/en\/wp-json\/wp\/v2\/product\/3562","targetHints":{"allow":["GET"]}}],"collection":[{"href":"https:\/\/aliceochoux.com\/en\/wp-json\/wp\/v2\/product"}],"about":[{"href":"https:\/\/aliceochoux.com\/en\/wp-json\/wp\/v2\/types\/product"}],"replies":[{"embeddable":true,"href":"https:\/\/aliceochoux.com\/en\/wp-json\/wp\/v2\/comments?post=3562"}],"version-history":[{"count":5,"href":"https:\/\/aliceochoux.com\/en\/wp-json\/wp\/v2\/product\/3562\/revisions"}],"predecessor-version":[{"id":4430,"href":"https:\/\/aliceochoux.com\/en\/wp-json\/wp\/v2\/product\/3562\/revisions\/4430"}],"wp:featuredmedia":[{"embeddable":true,"href":"https:\/\/aliceochoux.com\/en\/wp-json\/wp\/v2\/media\/4387"}],"wp:attachment":[{"href":"https:\/\/aliceochoux.com\/en\/wp-json\/wp\/v2\/media?parent=3562"}],"wp:term":[{"taxonomy":"product_brand","embeddable":true,"href":"https:\/\/aliceochoux.com\/en\/wp-json\/wp\/v2\/product_brand?post=3562"},{"taxonomy":"product_cat","embeddable":true,"href":"https:\/\/aliceochoux.com\/en\/wp-json\/wp\/v2\/product_cat?post=3562"},{"taxonomy":"product_tag","embeddable":true,"href":"https:\/\/aliceochoux.com\/en\/wp-json\/wp\/v2\/product_tag?post=3562"}],"curies":[{"name":"wp","href":"https:\/\/api.w.org\/{rel}","templated":true}]}}