{"id":4434,"date":"2025-11-14T23:45:25","date_gmt":"2025-11-15T04:45:25","guid":{"rendered":"https:\/\/aliceochoux.com\/?post_type=product&#038;p=4434"},"modified":"2025-11-25T00:40:43","modified_gmt":"2025-11-25T05:40:43","slug":"sachets-de-biscuits-sables-12","status":"publish","type":"product","link":"https:\/\/aliceochoux.com\/en\/products\/uncategorized\/sachets-de-biscuits-sables-12\/","title":{"rendered":"Sachets de biscuits sabl\u00e9s (12)"},"content":{"rendered":"","protected":false},"excerpt":{"rendered":"<div><\/div>\n<p>D\u00e9licieux petits biscuits sabl\u00e9s nature sans gluten \u00e0 la farine de riz.<\/p>","protected":false},"featured_media":-1,"comment_status":"closed","ping_status":"closed","template":"","meta":[],"product_brand":[],"product_cat":[17],"product_tag":[],"class_list":{"0":"post-4434","1":"product","2":"type-product","3":"status-publish","4":"has-post-thumbnail","6":"product_cat-uncategorized","8":"first","9":"outofstock","10":"taxable","11":"shipping-taxable","12":"purchasable","13":"product-type-simple"},"_links":{"self":[{"href":"https:\/\/aliceochoux.com\/en\/wp-json\/wp\/v2\/product\/4434","targetHints":{"allow":["GET"]}}],"collection":[{"href":"https:\/\/aliceochoux.com\/en\/wp-json\/wp\/v2\/product"}],"about":[{"href":"https:\/\/aliceochoux.com\/en\/wp-json\/wp\/v2\/types\/product"}],"replies":[{"embeddable":true,"href":"https:\/\/aliceochoux.com\/en\/wp-json\/wp\/v2\/comments?post=4434"}],"version-history":[{"count":1,"href":"https:\/\/aliceochoux.com\/en\/wp-json\/wp\/v2\/product\/4434\/revisions"}],"predecessor-version":[{"id":4437,"href":"https:\/\/aliceochoux.com\/en\/wp-json\/wp\/v2\/product\/4434\/revisions\/4437"}],"wp:featuredmedia":[{"embeddable":true,"href":"https:\/\/aliceochoux.com\/en\/wp-json\/"}],"wp:attachment":[{"href":"https:\/\/aliceochoux.com\/en\/wp-json\/wp\/v2\/media?parent=4434"}],"wp:term":[{"taxonomy":"product_brand","embeddable":true,"href":"https:\/\/aliceochoux.com\/en\/wp-json\/wp\/v2\/product_brand?post=4434"},{"taxonomy":"product_cat","embeddable":true,"href":"https:\/\/aliceochoux.com\/en\/wp-json\/wp\/v2\/product_cat?post=4434"},{"taxonomy":"product_tag","embeddable":true,"href":"https:\/\/aliceochoux.com\/en\/wp-json\/wp\/v2\/product_tag?post=4434"}],"curies":[{"name":"wp","href":"https:\/\/api.w.org\/{rel}","templated":true}]}}