{"id":4439,"date":"2025-11-14T23:47:37","date_gmt":"2025-11-15T04:47:37","guid":{"rendered":"https:\/\/aliceochoux.com\/?post_type=product&#038;p=4439"},"modified":"2025-11-25T00:40:43","modified_gmt":"2025-11-25T05:40:43","slug":"tarte-o-citron-meringuee-6-personnes","status":"publish","type":"product","link":"https:\/\/aliceochoux.com\/en\/products\/les-patisseries-sans-gluten\/tarte-o-citron-meringuee-6-personnes\/","title":{"rendered":"Tarte \u00d4 citron meringu\u00e9e (6 personnes)"},"content":{"rendered":"","protected":false},"excerpt":{"rendered":"<tbody>\n<tr>\n<td>Une d\u00e9licieuse tarte avec une p\u00e2te sabl\u00e9e croustillante, une cr\u00e8me citron onctueuse et l\u00e9g\u00e8re, une meringue italienne fondante et une gel\u00e9e de citron acidul\u00e9e pour un peps ordinaire !<\/td>\n<\/tr>\n<\/tbody>","protected":false},"featured_media":2958,"comment_status":"closed","ping_status":"closed","template":"","meta":[],"product_brand":[],"product_cat":[62],"product_tag":[],"class_list":{"0":"post-4439","1":"product","2":"type-product","3":"status-publish","4":"has-post-thumbnail","6":"product_cat-les-patisseries-sans-gluten","8":"first","9":"outofstock","10":"taxable","11":"shipping-taxable","12":"purchasable","13":"product-type-simple"},"_links":{"self":[{"href":"https:\/\/aliceochoux.com\/en\/wp-json\/wp\/v2\/product\/4439","targetHints":{"allow":["GET"]}}],"collection":[{"href":"https:\/\/aliceochoux.com\/en\/wp-json\/wp\/v2\/product"}],"about":[{"href":"https:\/\/aliceochoux.com\/en\/wp-json\/wp\/v2\/types\/product"}],"replies":[{"embeddable":true,"href":"https:\/\/aliceochoux.com\/en\/wp-json\/wp\/v2\/comments?post=4439"}],"version-history":[{"count":2,"href":"https:\/\/aliceochoux.com\/en\/wp-json\/wp\/v2\/product\/4439\/revisions"}],"predecessor-version":[{"id":4441,"href":"https:\/\/aliceochoux.com\/en\/wp-json\/wp\/v2\/product\/4439\/revisions\/4441"}],"wp:featuredmedia":[{"embeddable":true,"href":"https:\/\/aliceochoux.com\/en\/wp-json\/wp\/v2\/media\/2958"}],"wp:attachment":[{"href":"https:\/\/aliceochoux.com\/en\/wp-json\/wp\/v2\/media?parent=4439"}],"wp:term":[{"taxonomy":"product_brand","embeddable":true,"href":"https:\/\/aliceochoux.com\/en\/wp-json\/wp\/v2\/product_brand?post=4439"},{"taxonomy":"product_cat","embeddable":true,"href":"https:\/\/aliceochoux.com\/en\/wp-json\/wp\/v2\/product_cat?post=4439"},{"taxonomy":"product_tag","embeddable":true,"href":"https:\/\/aliceochoux.com\/en\/wp-json\/wp\/v2\/product_tag?post=4439"}],"curies":[{"name":"wp","href":"https:\/\/api.w.org\/{rel}","templated":true}]}}